{"id":327,"date":"2022-01-19T12:42:27","date_gmt":"2022-01-19T11:42:27","guid":{"rendered":"http:\/\/peluquerias.kiwoko.pt\/servicos\/banhos-e-tosquias-mundo-beleza\/\/?page_id=327"},"modified":"2023-08-25T09:47:19","modified_gmt":"2023-08-25T08:47:19","slug":"quem-somos","status":"publish","type":"page","link":"https:\/\/www.kiwoko.pt\/servicos\/banhos-e-tosquias-mundo-beleza\/quem-somos\/","title":{"rendered":"Quem somos?"},"content":{"rendered":"","protected":false},"excerpt":{"rendered":"","protected":false},"author":1,"featured_media":675,"parent":0,"menu_order":0,"comment_status":"closed","ping_status":"closed","template":"quienes-somos.php","meta":{"_acf_changed":false,"footnotes":""},"class_list":["post-327","page","type-page","status-publish","has-post-thumbnail","hentry"],"acf":[],"yoast_head":"<!-- This site is optimized with the Yoast SEO plugin v27.3 - https:\/\/yoast.com\/product\/yoast-seo-wordpress\/ -->\n<title>Quem somos? | Mundo Beleza Kiwoko<\/title>\n<meta name=\"description\" content=\"O seu animal de estima\u00e7\u00e3o \u00e9 a primeira coisa para n\u00f3s, e dos Cabeleireiros n\u00e3o poderia ser menos. N\u00e3o apenas os deixamos bonitos, descubra aqui todos os nossos valores.\" \/>\n<meta name=\"robots\" content=\"index, follow, max-snippet:-1, max-image-preview:large, max-video-preview:-1\" \/>\n<link rel=\"canonical\" href=\"https:\/\/www.kiwoko.pt\/servicos\/banhos-e-tosquias-mundo-beleza\/quem-somos\/\" \/>\n<meta property=\"og:locale\" content=\"es_ES\" \/>\n<meta property=\"og:type\" content=\"article\" \/>\n<meta property=\"og:title\" content=\"Quem somos? | Mundo Beleza Kiwoko\" \/>\n<meta property=\"og:description\" content=\"O seu animal de estima\u00e7\u00e3o \u00e9 a primeira coisa para n\u00f3s, e dos Cabeleireiros n\u00e3o poderia ser menos. N\u00e3o apenas os deixamos bonitos, descubra aqui todos os nossos valores.\" \/>\n<meta property=\"og:url\" content=\"https:\/\/www.kiwoko.pt\/servicos\/banhos-e-tosquias-mundo-beleza\/quem-somos\/\" \/>\n<meta property=\"og:site_name\" content=\"Mundo Beleza\" \/>\n<meta property=\"article:publisher\" content=\"https:\/\/www.facebook.com\/tiendanimal\" \/>\n<meta property=\"article:modified_time\" content=\"2023-08-25T08:47:19+00:00\" \/>\n<meta property=\"og:image\" content=\"https:\/\/www.kiwoko.pt\/servicos\/banhos-e-tosquias-mundo-beleza\/wp-content\/uploads\/2022\/05\/kiwoko-peluqueria-h-bg-1.jpg\" \/>\n\t<meta property=\"og:image:width\" content=\"1944\" \/>\n\t<meta property=\"og:image:height\" content=\"604\" \/>\n\t<meta property=\"og:image:type\" content=\"image\/jpeg\" \/>\n<meta name=\"twitter:card\" content=\"summary_large_image\" \/>\n<meta name=\"twitter:site\" content=\"@tiendanimal\" \/>\n<script type=\"application\/ld+json\" class=\"yoast-schema-graph\">{\"@context\":\"https:\\\/\\\/schema.org\",\"@graph\":[{\"@type\":\"WebPage\",\"@id\":\"https:\\\/\\\/www.kiwoko.pt\\\/servicos\\\/banhos-e-tosquias-mundo-beleza\\\/quem-somos\\\/\",\"url\":\"https:\\\/\\\/www.kiwoko.pt\\\/servicos\\\/banhos-e-tosquias-mundo-beleza\\\/quem-somos\\\/\",\"name\":\"Quem somos? | Mundo Beleza Kiwoko\",\"isPartOf\":{\"@id\":\"https:\\\/\\\/www.kiwoko.pt\\\/servicos\\\/banhos-e-tosquias-mundo-beleza\\\/#website\"},\"primaryImageOfPage\":{\"@id\":\"https:\\\/\\\/www.kiwoko.pt\\\/servicos\\\/banhos-e-tosquias-mundo-beleza\\\/quem-somos\\\/#primaryimage\"},\"image\":{\"@id\":\"https:\\\/\\\/www.kiwoko.pt\\\/servicos\\\/banhos-e-tosquias-mundo-beleza\\\/quem-somos\\\/#primaryimage\"},\"thumbnailUrl\":\"https:\\\/\\\/www.kiwoko.pt\\\/servicos\\\/banhos-e-tosquias-mundo-beleza\\\/wp-content\\\/uploads\\\/2022\\\/05\\\/kiwoko-peluqueria-h-bg-1.jpg\",\"datePublished\":\"2022-01-19T11:42:27+00:00\",\"dateModified\":\"2023-08-25T08:47:19+00:00\",\"description\":\"O seu animal de estima\u00e7\u00e3o \u00e9 a primeira coisa para n\u00f3s, e dos Cabeleireiros n\u00e3o poderia ser menos. N\u00e3o apenas os deixamos bonitos, descubra aqui todos os nossos valores.\",\"breadcrumb\":{\"@id\":\"https:\\\/\\\/www.kiwoko.pt\\\/servicos\\\/banhos-e-tosquias-mundo-beleza\\\/quem-somos\\\/#breadcrumb\"},\"inLanguage\":\"es\",\"potentialAction\":[{\"@type\":\"ReadAction\",\"target\":[\"https:\\\/\\\/www.kiwoko.pt\\\/servicos\\\/banhos-e-tosquias-mundo-beleza\\\/quem-somos\\\/\"]}]},{\"@type\":\"ImageObject\",\"inLanguage\":\"es\",\"@id\":\"https:\\\/\\\/www.kiwoko.pt\\\/servicos\\\/banhos-e-tosquias-mundo-beleza\\\/quem-somos\\\/#primaryimage\",\"url\":\"https:\\\/\\\/www.kiwoko.pt\\\/servicos\\\/banhos-e-tosquias-mundo-beleza\\\/wp-content\\\/uploads\\\/2022\\\/05\\\/kiwoko-peluqueria-h-bg-1.jpg\",\"contentUrl\":\"https:\\\/\\\/www.kiwoko.pt\\\/servicos\\\/banhos-e-tosquias-mundo-beleza\\\/wp-content\\\/uploads\\\/2022\\\/05\\\/kiwoko-peluqueria-h-bg-1.jpg\",\"width\":1944,\"height\":604,\"caption\":\"\u00bfQui\u00e9nes somos?\"},{\"@type\":\"BreadcrumbList\",\"@id\":\"https:\\\/\\\/www.kiwoko.pt\\\/servicos\\\/banhos-e-tosquias-mundo-beleza\\\/quem-somos\\\/#breadcrumb\",\"itemListElement\":[{\"@type\":\"ListItem\",\"position\":1,\"name\":\"Portada\",\"item\":\"https:\\\/\\\/www.kiwoko.pt\\\/servicos\\\/banhos-e-tosquias-mundo-beleza\\\/\"},{\"@type\":\"ListItem\",\"position\":2,\"name\":\"Quem somos?\"}]},{\"@type\":\"WebSite\",\"@id\":\"https:\\\/\\\/www.kiwoko.pt\\\/servicos\\\/banhos-e-tosquias-mundo-beleza\\\/#website\",\"url\":\"https:\\\/\\\/www.kiwoko.pt\\\/servicos\\\/banhos-e-tosquias-mundo-beleza\\\/\",\"name\":\"Mundo Beleza\",\"description\":\"Kiwoko\",\"publisher\":{\"@id\":\"https:\\\/\\\/www.kiwoko.pt\\\/servicos\\\/banhos-e-tosquias-mundo-beleza\\\/#organization\"},\"potentialAction\":[{\"@type\":\"SearchAction\",\"target\":{\"@type\":\"EntryPoint\",\"urlTemplate\":\"https:\\\/\\\/www.kiwoko.pt\\\/servicos\\\/banhos-e-tosquias-mundo-beleza\\\/?s={search_term_string}\"},\"query-input\":{\"@type\":\"PropertyValueSpecification\",\"valueRequired\":true,\"valueName\":\"search_term_string\"}}],\"inLanguage\":\"es\"},{\"@type\":\"Organization\",\"@id\":\"https:\\\/\\\/www.kiwoko.pt\\\/servicos\\\/banhos-e-tosquias-mundo-beleza\\\/#organization\",\"name\":\"Mundo Beleza\",\"url\":\"https:\\\/\\\/www.kiwoko.pt\\\/servicos\\\/banhos-e-tosquias-mundo-beleza\\\/\",\"logo\":{\"@type\":\"ImageObject\",\"inLanguage\":\"es\",\"@id\":\"https:\\\/\\\/www.kiwoko.pt\\\/servicos\\\/banhos-e-tosquias-mundo-beleza\\\/#\\\/schema\\\/logo\\\/image\\\/\",\"url\":\"https:\\\/\\\/www.kiwoko.pt\\\/servicos\\\/banhos-e-tosquias-mundo-beleza\\\/wp-content\\\/uploads\\\/2023\\\/07\\\/cropped-logo-pt-2.png\",\"contentUrl\":\"https:\\\/\\\/www.kiwoko.pt\\\/servicos\\\/banhos-e-tosquias-mundo-beleza\\\/wp-content\\\/uploads\\\/2023\\\/07\\\/cropped-logo-pt-2.png\",\"width\":247,\"height\":117,\"caption\":\"Mundo Beleza\"},\"image\":{\"@id\":\"https:\\\/\\\/www.kiwoko.pt\\\/servicos\\\/banhos-e-tosquias-mundo-beleza\\\/#\\\/schema\\\/logo\\\/image\\\/\"},\"sameAs\":[\"https:\\\/\\\/www.facebook.com\\\/tiendanimal\",\"https:\\\/\\\/x.com\\\/tiendanimal\",\"https:\\\/\\\/www.instagram.com\\\/tiendanimal\",\"https:\\\/\\\/www.youtube.com\\\/user\\\/tiendanimal\"]}]}<\/script>\n<!-- \/ Yoast SEO plugin. -->","yoast_head_json":{"title":"Quem somos? | Mundo Beleza Kiwoko","description":"O seu animal de estima\u00e7\u00e3o \u00e9 a primeira coisa para n\u00f3s, e dos Cabeleireiros n\u00e3o poderia ser menos. N\u00e3o apenas os deixamos bonitos, descubra aqui todos os nossos valores.","robots":{"index":"index","follow":"follow","max-snippet":"max-snippet:-1","max-image-preview":"max-image-preview:large","max-video-preview":"max-video-preview:-1"},"canonical":"https:\/\/www.kiwoko.pt\/servicos\/banhos-e-tosquias-mundo-beleza\/quem-somos\/","og_locale":"es_ES","og_type":"article","og_title":"Quem somos? | Mundo Beleza Kiwoko","og_description":"O seu animal de estima\u00e7\u00e3o \u00e9 a primeira coisa para n\u00f3s, e dos Cabeleireiros n\u00e3o poderia ser menos. N\u00e3o apenas os deixamos bonitos, descubra aqui todos os nossos valores.","og_url":"https:\/\/www.kiwoko.pt\/servicos\/banhos-e-tosquias-mundo-beleza\/quem-somos\/","og_site_name":"Mundo Beleza","article_publisher":"https:\/\/www.facebook.com\/tiendanimal","article_modified_time":"2023-08-25T08:47:19+00:00","og_image":[{"width":1944,"height":604,"url":"https:\/\/www.kiwoko.pt\/servicos\/banhos-e-tosquias-mundo-beleza\/wp-content\/uploads\/2022\/05\/kiwoko-peluqueria-h-bg-1.jpg","type":"image\/jpeg"}],"twitter_card":"summary_large_image","twitter_site":"@tiendanimal","schema":{"@context":"https:\/\/schema.org","@graph":[{"@type":"WebPage","@id":"https:\/\/www.kiwoko.pt\/servicos\/banhos-e-tosquias-mundo-beleza\/quem-somos\/","url":"https:\/\/www.kiwoko.pt\/servicos\/banhos-e-tosquias-mundo-beleza\/quem-somos\/","name":"Quem somos? | Mundo Beleza Kiwoko","isPartOf":{"@id":"https:\/\/www.kiwoko.pt\/servicos\/banhos-e-tosquias-mundo-beleza\/#website"},"primaryImageOfPage":{"@id":"https:\/\/www.kiwoko.pt\/servicos\/banhos-e-tosquias-mundo-beleza\/quem-somos\/#primaryimage"},"image":{"@id":"https:\/\/www.kiwoko.pt\/servicos\/banhos-e-tosquias-mundo-beleza\/quem-somos\/#primaryimage"},"thumbnailUrl":"https:\/\/www.kiwoko.pt\/servicos\/banhos-e-tosquias-mundo-beleza\/wp-content\/uploads\/2022\/05\/kiwoko-peluqueria-h-bg-1.jpg","datePublished":"2022-01-19T11:42:27+00:00","dateModified":"2023-08-25T08:47:19+00:00","description":"O seu animal de estima\u00e7\u00e3o \u00e9 a primeira coisa para n\u00f3s, e dos Cabeleireiros n\u00e3o poderia ser menos. N\u00e3o apenas os deixamos bonitos, descubra aqui todos os nossos valores.","breadcrumb":{"@id":"https:\/\/www.kiwoko.pt\/servicos\/banhos-e-tosquias-mundo-beleza\/quem-somos\/#breadcrumb"},"inLanguage":"es","potentialAction":[{"@type":"ReadAction","target":["https:\/\/www.kiwoko.pt\/servicos\/banhos-e-tosquias-mundo-beleza\/quem-somos\/"]}]},{"@type":"ImageObject","inLanguage":"es","@id":"https:\/\/www.kiwoko.pt\/servicos\/banhos-e-tosquias-mundo-beleza\/quem-somos\/#primaryimage","url":"https:\/\/www.kiwoko.pt\/servicos\/banhos-e-tosquias-mundo-beleza\/wp-content\/uploads\/2022\/05\/kiwoko-peluqueria-h-bg-1.jpg","contentUrl":"https:\/\/www.kiwoko.pt\/servicos\/banhos-e-tosquias-mundo-beleza\/wp-content\/uploads\/2022\/05\/kiwoko-peluqueria-h-bg-1.jpg","width":1944,"height":604,"caption":"\u00bfQui\u00e9nes somos?"},{"@type":"BreadcrumbList","@id":"https:\/\/www.kiwoko.pt\/servicos\/banhos-e-tosquias-mundo-beleza\/quem-somos\/#breadcrumb","itemListElement":[{"@type":"ListItem","position":1,"name":"Portada","item":"https:\/\/www.kiwoko.pt\/servicos\/banhos-e-tosquias-mundo-beleza\/"},{"@type":"ListItem","position":2,"name":"Quem somos?"}]},{"@type":"WebSite","@id":"https:\/\/www.kiwoko.pt\/servicos\/banhos-e-tosquias-mundo-beleza\/#website","url":"https:\/\/www.kiwoko.pt\/servicos\/banhos-e-tosquias-mundo-beleza\/","name":"Mundo Beleza","description":"Kiwoko","publisher":{"@id":"https:\/\/www.kiwoko.pt\/servicos\/banhos-e-tosquias-mundo-beleza\/#organization"},"potentialAction":[{"@type":"SearchAction","target":{"@type":"EntryPoint","urlTemplate":"https:\/\/www.kiwoko.pt\/servicos\/banhos-e-tosquias-mundo-beleza\/?s={search_term_string}"},"query-input":{"@type":"PropertyValueSpecification","valueRequired":true,"valueName":"search_term_string"}}],"inLanguage":"es"},{"@type":"Organization","@id":"https:\/\/www.kiwoko.pt\/servicos\/banhos-e-tosquias-mundo-beleza\/#organization","name":"Mundo Beleza","url":"https:\/\/www.kiwoko.pt\/servicos\/banhos-e-tosquias-mundo-beleza\/","logo":{"@type":"ImageObject","inLanguage":"es","@id":"https:\/\/www.kiwoko.pt\/servicos\/banhos-e-tosquias-mundo-beleza\/#\/schema\/logo\/image\/","url":"https:\/\/www.kiwoko.pt\/servicos\/banhos-e-tosquias-mundo-beleza\/wp-content\/uploads\/2023\/07\/cropped-logo-pt-2.png","contentUrl":"https:\/\/www.kiwoko.pt\/servicos\/banhos-e-tosquias-mundo-beleza\/wp-content\/uploads\/2023\/07\/cropped-logo-pt-2.png","width":247,"height":117,"caption":"Mundo Beleza"},"image":{"@id":"https:\/\/www.kiwoko.pt\/servicos\/banhos-e-tosquias-mundo-beleza\/#\/schema\/logo\/image\/"},"sameAs":["https:\/\/www.facebook.com\/tiendanimal","https:\/\/x.com\/tiendanimal","https:\/\/www.instagram.com\/tiendanimal","https:\/\/www.youtube.com\/user\/tiendanimal"]}]}},"_links":{"self":[{"href":"https:\/\/www.kiwoko.pt\/servicos\/banhos-e-tosquias-mundo-beleza\/wp-json\/wp\/v2\/pages\/327","targetHints":{"allow":["GET"]}}],"collection":[{"href":"https:\/\/www.kiwoko.pt\/servicos\/banhos-e-tosquias-mundo-beleza\/wp-json\/wp\/v2\/pages"}],"about":[{"href":"https:\/\/www.kiwoko.pt\/servicos\/banhos-e-tosquias-mundo-beleza\/wp-json\/wp\/v2\/types\/page"}],"author":[{"embeddable":true,"href":"https:\/\/www.kiwoko.pt\/servicos\/banhos-e-tosquias-mundo-beleza\/wp-json\/wp\/v2\/users\/1"}],"replies":[{"embeddable":true,"href":"https:\/\/www.kiwoko.pt\/servicos\/banhos-e-tosquias-mundo-beleza\/wp-json\/wp\/v2\/comments?post=327"}],"version-history":[{"count":35,"href":"https:\/\/www.kiwoko.pt\/servicos\/banhos-e-tosquias-mundo-beleza\/wp-json\/wp\/v2\/pages\/327\/revisions"}],"predecessor-version":[{"id":900,"href":"https:\/\/www.kiwoko.pt\/servicos\/banhos-e-tosquias-mundo-beleza\/wp-json\/wp\/v2\/pages\/327\/revisions\/900"}],"wp:featuredmedia":[{"embeddable":true,"href":"https:\/\/www.kiwoko.pt\/servicos\/banhos-e-tosquias-mundo-beleza\/wp-json\/wp\/v2\/media\/675"}],"wp:attachment":[{"href":"https:\/\/www.kiwoko.pt\/servicos\/banhos-e-tosquias-mundo-beleza\/wp-json\/wp\/v2\/media?parent=327"}],"curies":[{"name":"wp","href":"https:\/\/api.w.org\/{rel}","templated":true}]}}