{"id":2,"date":"2022-03-09T11:06:59","date_gmt":"2022-03-09T10:06:59","guid":{"rendered":"http:\/\/peluquerias.kiwoko.pt\/servicos\/banhos-e-tosquias-mundo-beleza\/\/?page_id=2"},"modified":"2023-11-21T12:12:38","modified_gmt":"2023-11-21T11:12:38","slug":"home","status":"publish","type":"page","link":"https:\/\/www.kiwoko.pt\/servicos\/banhos-e-tosquias-mundo-beleza\/","title":{"rendered":"Home"},"content":{"rendered":"<h1>Venha descobrir os Centros de Beleza Kiwoko!<\/h1>\n<p>Na Kiwoko, cuidar do seu animal de estima\u00e7\u00e3o como ele merece \u00e9 o nosso compromisso e prioridade. Por isso, queremos sempre o melhor para eles, tanto por dentro como por fora. Desta forma, n\u00e3o s\u00f3 lhe oferecemos o maior cat\u00e1logo de produtos para todo o tipo de animais de estima\u00e7\u00e3o, como tamb\u00e9m lhe oferecemos o melhor servi\u00e7o de grooming para c\u00e3es, gatos, coelhos e porquinhos-da-\u00edndia.<\/p>\n<p>Dispomos de mais de 60 centros de beleza Kiwoko distribu\u00eddos por todo o Portugal para que possa encontrar o mais pr\u00f3ximo de si. Aqui deixar\u00e1 o seu animal de estima\u00e7\u00e3o nas melhores m\u00e3os, gra\u00e7as a uma equipa especializada de groomers. Manter a pele e o p\u00ealo do seu animal de estima\u00e7\u00e3o saud\u00e1veis e cuidados \u00e9 essencial e vai muito al\u00e9m da sua est\u00e9tica, pois a sua boa apar\u00eancia \u00e9 sin\u00f3nimo de sa\u00fade.<\/p>\n<p>Quer saber tudo o que oferecemos nos nossos Centros de Beleza para animais?<\/p>\n<h2>Servi\u00e7os de groomig para c\u00e3es, gatos e outros animais de estima\u00e7\u00e3o<\/h2>\n<p>Nos Centros de Beleza Kiwoko, o bem-estar do seu animal de estima\u00e7\u00e3o \u00e9 a nossa principal prioridade. \u00c9 por isso que os tratamos com todo o cuidado, desde o momento em que entram at\u00e9 ao momento em que saem do nosso centro. De seguida, apresentamos-lhe os diferentes servi\u00e7os que oferecemos para que possa escolher o mais adequado para o seu melhor amigo.<\/p>\n<h3>Servi\u00e7os de grooming para C\u00e3es de todas as ra\u00e7as e tamanhos<\/h3>\n<ul>\n<li>Escovagem<\/li>\n<li>Banho<\/li>\n<li>Stripping<\/li>\n<li>Plucking<\/li>\n<li>Corte \u00e0 m\u00e1quina<\/li>\n<li>Corte \u00e0 tesoura<\/li>\n<li>Corte combinado (m\u00e1quina\/tesoura)<\/li>\n<li>Clip Work<\/li>\n<\/ul>\n<p><strong>O que incluem os diferentes servi\u00e7os do Centro de Beleza?<\/strong><\/p>\n<ul>\n<li><strong>Banho: <\/strong>Banho e massagem, secagem r\u00e1pida, corte de unhas, limpeza de ouvidos e de gl\u00e2ndula anais, antiest\u00e1tico e perfume.<\/li>\n<li><strong>Corte: <\/strong>Corte de acordo com cada ra\u00e7a e as suas necessidades, assim como a t\u00e9cnica de trabalho segundo o tipo de p\u00ealo, antiest\u00e1tico e perfume.<\/li>\n<\/ul>\n<h3>Servi\u00e7os de grooming para Gatos de p\u00ealo curto ou comprido<\/h3>\n<ul>\n<li>Escovagem<\/li>\n<li>Banho<\/li>\n<li>Retoque<\/li>\n<li>Corte<\/li>\n<\/ul>\n<p>O servi\u00e7o de<strong> banho + tosquia <\/strong>inclui banho com massagem e<strong> corte de unhas.<\/strong>.<\/p>\n<h3><strong>Servi\u00e7os de grooming para coelhos e cobaias<\/strong><\/h3>\n<ul>\n<li>Escovagem<\/li>\n<li>Corte<\/li>\n<li>Banho<\/li>\n<\/ul>\n<p>O servi\u00e7o de<strong> banho + tosquia<\/strong> inclui escovagem, banho com massagem e <strong> corte de unhas.<\/strong>.<\/p>\n<h3>Check-up em cada servi\u00e7o de grooming<\/h3>\n<p>Quando traz o seu melhor amigo ao nosso Centro de Beleza para c\u00e3es, gatos, animais ex\u00f3ticos (roedores), fazemos um check-up a 7 pontos de controlo, que nos d\u00e3o informa\u00e7\u00f5es sobre a sua sa\u00fade e nos permitem detetar qualquer problema a tempo. Quer saber quais s\u00e3o?<\/p>\n<ul>\n<li>Olhos<\/li>\n<li>Nariz<\/li>\n<li>Boca<\/li>\n<li>Ouvidos<\/li>\n<li>Patas (almofadas, dedos e unhas)<\/li>\n<li>Pele<\/li>\n<li>P\u00ealo<\/li>\n<\/ul>\n<h2>Os melhores servi\u00e7os de sa\u00fade e beleza para animais nos Centros de Beleza Kiwoko<\/h2>\n<p>Na Kiwoko n\u00e3o s\u00f3 lhe oferecemos os melhores servi\u00e7os de grooming para c\u00e3es e gatos, como tamb\u00e9m os realizamos em amplas instala\u00e7\u00f5es que dispomos com todo o conforto para os animais. Os nossos centros usam materiais de alta qualidade e os<strong> cosm\u00e9ticos mais inovadores e de \u00faltima gera\u00e7\u00e3o.<\/strong><\/p>\n<p><em>Encontre o <a href=\"https:\/\/www.kiwoko.pt\/servicos\/banhos-e-tosquias-mundo-beleza\/encontre-o-seu-centro-de-beleza\/\" target=\"_blank\" rel=\"noopener\"><strong>Centro de Beleza Kiwoko<\/strong><\/a> o mais perto e fa\u00e7a a sua marca\u00e7\u00e3o online. Deixe o seu melhor amigo nas melhores m\u00e3os!<\/em><\/p>\n","protected":false},"excerpt":{"rendered":"<p>Venha descobrir os Centros de Beleza Kiwoko! Na Kiwoko, cuidar do seu animal de estima\u00e7\u00e3o como ele merece \u00e9 o [&hellip;]<\/p>\n","protected":false},"author":1,"featured_media":0,"parent":0,"menu_order":0,"comment_status":"closed","ping_status":"closed","template":"front-page.php","meta":{"_acf_changed":false,"footnotes":""},"class_list":["post-2","page","type-page","status-publish","hentry"],"acf":[],"yoast_head":"<!-- This site is optimized with the Yoast SEO plugin v27.4 - https:\/\/yoast.com\/product\/yoast-seo-wordpress\/ -->\n<title>Grooming para c\u00e3es e gatos | Kiwoko<\/title>\n<meta name=\"description\" content=\"Deixe o seu animal de estima\u00e7\u00e3o nas melhores m\u00e3os nos cabeleireiros Kiwoko para c\u00e3es, gatos, coelhos e roedores. Vamos mim\u00e1-la e deix\u00e1-la linda!\" \/>\n<meta name=\"robots\" content=\"index, follow, max-snippet:-1, max-image-preview:large, max-video-preview:-1\" \/>\n<link rel=\"canonical\" href=\"https:\/\/www.kiwoko.pt\/servicos\/banhos-e-tosquias-mundo-beleza\/\" \/>\n<meta property=\"og:locale\" content=\"es_ES\" \/>\n<meta property=\"og:type\" content=\"article\" \/>\n<meta property=\"og:title\" content=\"Grooming para c\u00e3es e gatos | Kiwoko\" \/>\n<meta property=\"og:description\" content=\"Deixe o seu animal de estima\u00e7\u00e3o nas melhores m\u00e3os nos cabeleireiros Kiwoko para c\u00e3es, gatos, coelhos e roedores. Vamos mim\u00e1-la e deix\u00e1-la linda!\" \/>\n<meta property=\"og:url\" content=\"https:\/\/www.kiwoko.pt\/servicos\/banhos-e-tosquias-mundo-beleza\/\" \/>\n<meta property=\"og:site_name\" content=\"Mundo Beleza\" \/>\n<meta property=\"article:publisher\" content=\"https:\/\/www.facebook.com\/tiendanimal\" \/>\n<meta property=\"article:modified_time\" content=\"2023-11-21T11:12:38+00:00\" \/>\n<meta name=\"twitter:card\" content=\"summary_large_image\" \/>\n<meta name=\"twitter:site\" content=\"@tiendanimal\" \/>\n<meta name=\"twitter:label1\" content=\"Tiempo de lectura\" \/>\n\t<meta name=\"twitter:data1\" content=\"3 minutos\" \/>\n<script type=\"application\/ld+json\" class=\"yoast-schema-graph\">{\"@context\":\"https:\\\/\\\/schema.org\",\"@graph\":[{\"@type\":\"WebPage\",\"@id\":\"https:\\\/\\\/www.kiwoko.pt\\\/servicos\\\/banhos-e-tosquias-mundo-beleza\\\/\",\"url\":\"https:\\\/\\\/www.kiwoko.pt\\\/servicos\\\/banhos-e-tosquias-mundo-beleza\\\/\",\"name\":\"Grooming para c\u00e3es e gatos | Kiwoko\",\"isPartOf\":{\"@id\":\"https:\\\/\\\/www.kiwoko.pt\\\/servicos\\\/banhos-e-tosquias-mundo-beleza\\\/#website\"},\"datePublished\":\"2022-03-09T10:06:59+00:00\",\"dateModified\":\"2023-11-21T11:12:38+00:00\",\"description\":\"Deixe o seu animal de estima\u00e7\u00e3o nas melhores m\u00e3os nos cabeleireiros Kiwoko para c\u00e3es, gatos, coelhos e roedores. Vamos mim\u00e1-la e deix\u00e1-la linda!\",\"breadcrumb\":{\"@id\":\"https:\\\/\\\/www.kiwoko.pt\\\/servicos\\\/banhos-e-tosquias-mundo-beleza\\\/#breadcrumb\"},\"inLanguage\":\"es\",\"potentialAction\":[{\"@type\":\"ReadAction\",\"target\":[\"https:\\\/\\\/www.kiwoko.pt\\\/servicos\\\/banhos-e-tosquias-mundo-beleza\\\/\"]}]},{\"@type\":\"BreadcrumbList\",\"@id\":\"https:\\\/\\\/www.kiwoko.pt\\\/servicos\\\/banhos-e-tosquias-mundo-beleza\\\/#breadcrumb\",\"itemListElement\":[{\"@type\":\"ListItem\",\"position\":1,\"name\":\"Portada\",\"item\":\"https:\\\/\\\/www.kiwoko.pt\\\/servicos\\\/banhos-e-tosquias-mundo-beleza\\\/\"},{\"@type\":\"ListItem\",\"position\":2,\"name\":\"Home\"}]},{\"@type\":\"WebSite\",\"@id\":\"https:\\\/\\\/www.kiwoko.pt\\\/servicos\\\/banhos-e-tosquias-mundo-beleza\\\/#website\",\"url\":\"https:\\\/\\\/www.kiwoko.pt\\\/servicos\\\/banhos-e-tosquias-mundo-beleza\\\/\",\"name\":\"Mundo Beleza\",\"description\":\"Kiwoko\",\"publisher\":{\"@id\":\"https:\\\/\\\/www.kiwoko.pt\\\/servicos\\\/banhos-e-tosquias-mundo-beleza\\\/#organization\"},\"potentialAction\":[{\"@type\":\"SearchAction\",\"target\":{\"@type\":\"EntryPoint\",\"urlTemplate\":\"https:\\\/\\\/www.kiwoko.pt\\\/servicos\\\/banhos-e-tosquias-mundo-beleza\\\/?s={search_term_string}\"},\"query-input\":{\"@type\":\"PropertyValueSpecification\",\"valueRequired\":true,\"valueName\":\"search_term_string\"}}],\"inLanguage\":\"es\"},{\"@type\":\"Organization\",\"@id\":\"https:\\\/\\\/www.kiwoko.pt\\\/servicos\\\/banhos-e-tosquias-mundo-beleza\\\/#organization\",\"name\":\"Mundo Beleza\",\"url\":\"https:\\\/\\\/www.kiwoko.pt\\\/servicos\\\/banhos-e-tosquias-mundo-beleza\\\/\",\"logo\":{\"@type\":\"ImageObject\",\"inLanguage\":\"es\",\"@id\":\"https:\\\/\\\/www.kiwoko.pt\\\/servicos\\\/banhos-e-tosquias-mundo-beleza\\\/#\\\/schema\\\/logo\\\/image\\\/\",\"url\":\"https:\\\/\\\/www.kiwoko.pt\\\/servicos\\\/banhos-e-tosquias-mundo-beleza\\\/wp-content\\\/uploads\\\/2023\\\/07\\\/cropped-logo-pt-2.png\",\"contentUrl\":\"https:\\\/\\\/www.kiwoko.pt\\\/servicos\\\/banhos-e-tosquias-mundo-beleza\\\/wp-content\\\/uploads\\\/2023\\\/07\\\/cropped-logo-pt-2.png\",\"width\":247,\"height\":117,\"caption\":\"Mundo Beleza\"},\"image\":{\"@id\":\"https:\\\/\\\/www.kiwoko.pt\\\/servicos\\\/banhos-e-tosquias-mundo-beleza\\\/#\\\/schema\\\/logo\\\/image\\\/\"},\"sameAs\":[\"https:\\\/\\\/www.facebook.com\\\/tiendanimal\",\"https:\\\/\\\/x.com\\\/tiendanimal\",\"https:\\\/\\\/www.instagram.com\\\/tiendanimal\",\"https:\\\/\\\/www.youtube.com\\\/user\\\/tiendanimal\"]}]}<\/script>\n<!-- \/ Yoast SEO plugin. -->","yoast_head_json":{"title":"Grooming para c\u00e3es e gatos | Kiwoko","description":"Deixe o seu animal de estima\u00e7\u00e3o nas melhores m\u00e3os nos cabeleireiros Kiwoko para c\u00e3es, gatos, coelhos e roedores. Vamos mim\u00e1-la e deix\u00e1-la linda!","robots":{"index":"index","follow":"follow","max-snippet":"max-snippet:-1","max-image-preview":"max-image-preview:large","max-video-preview":"max-video-preview:-1"},"canonical":"https:\/\/www.kiwoko.pt\/servicos\/banhos-e-tosquias-mundo-beleza\/","og_locale":"es_ES","og_type":"article","og_title":"Grooming para c\u00e3es e gatos | Kiwoko","og_description":"Deixe o seu animal de estima\u00e7\u00e3o nas melhores m\u00e3os nos cabeleireiros Kiwoko para c\u00e3es, gatos, coelhos e roedores. Vamos mim\u00e1-la e deix\u00e1-la linda!","og_url":"https:\/\/www.kiwoko.pt\/servicos\/banhos-e-tosquias-mundo-beleza\/","og_site_name":"Mundo Beleza","article_publisher":"https:\/\/www.facebook.com\/tiendanimal","article_modified_time":"2023-11-21T11:12:38+00:00","twitter_card":"summary_large_image","twitter_site":"@tiendanimal","twitter_misc":{"Tiempo de lectura":"3 minutos"},"schema":{"@context":"https:\/\/schema.org","@graph":[{"@type":"WebPage","@id":"https:\/\/www.kiwoko.pt\/servicos\/banhos-e-tosquias-mundo-beleza\/","url":"https:\/\/www.kiwoko.pt\/servicos\/banhos-e-tosquias-mundo-beleza\/","name":"Grooming para c\u00e3es e gatos | Kiwoko","isPartOf":{"@id":"https:\/\/www.kiwoko.pt\/servicos\/banhos-e-tosquias-mundo-beleza\/#website"},"datePublished":"2022-03-09T10:06:59+00:00","dateModified":"2023-11-21T11:12:38+00:00","description":"Deixe o seu animal de estima\u00e7\u00e3o nas melhores m\u00e3os nos cabeleireiros Kiwoko para c\u00e3es, gatos, coelhos e roedores. Vamos mim\u00e1-la e deix\u00e1-la linda!","breadcrumb":{"@id":"https:\/\/www.kiwoko.pt\/servicos\/banhos-e-tosquias-mundo-beleza\/#breadcrumb"},"inLanguage":"es","potentialAction":[{"@type":"ReadAction","target":["https:\/\/www.kiwoko.pt\/servicos\/banhos-e-tosquias-mundo-beleza\/"]}]},{"@type":"BreadcrumbList","@id":"https:\/\/www.kiwoko.pt\/servicos\/banhos-e-tosquias-mundo-beleza\/#breadcrumb","itemListElement":[{"@type":"ListItem","position":1,"name":"Portada","item":"https:\/\/www.kiwoko.pt\/servicos\/banhos-e-tosquias-mundo-beleza\/"},{"@type":"ListItem","position":2,"name":"Home"}]},{"@type":"WebSite","@id":"https:\/\/www.kiwoko.pt\/servicos\/banhos-e-tosquias-mundo-beleza\/#website","url":"https:\/\/www.kiwoko.pt\/servicos\/banhos-e-tosquias-mundo-beleza\/","name":"Mundo Beleza","description":"Kiwoko","publisher":{"@id":"https:\/\/www.kiwoko.pt\/servicos\/banhos-e-tosquias-mundo-beleza\/#organization"},"potentialAction":[{"@type":"SearchAction","target":{"@type":"EntryPoint","urlTemplate":"https:\/\/www.kiwoko.pt\/servicos\/banhos-e-tosquias-mundo-beleza\/?s={search_term_string}"},"query-input":{"@type":"PropertyValueSpecification","valueRequired":true,"valueName":"search_term_string"}}],"inLanguage":"es"},{"@type":"Organization","@id":"https:\/\/www.kiwoko.pt\/servicos\/banhos-e-tosquias-mundo-beleza\/#organization","name":"Mundo Beleza","url":"https:\/\/www.kiwoko.pt\/servicos\/banhos-e-tosquias-mundo-beleza\/","logo":{"@type":"ImageObject","inLanguage":"es","@id":"https:\/\/www.kiwoko.pt\/servicos\/banhos-e-tosquias-mundo-beleza\/#\/schema\/logo\/image\/","url":"https:\/\/www.kiwoko.pt\/servicos\/banhos-e-tosquias-mundo-beleza\/wp-content\/uploads\/2023\/07\/cropped-logo-pt-2.png","contentUrl":"https:\/\/www.kiwoko.pt\/servicos\/banhos-e-tosquias-mundo-beleza\/wp-content\/uploads\/2023\/07\/cropped-logo-pt-2.png","width":247,"height":117,"caption":"Mundo Beleza"},"image":{"@id":"https:\/\/www.kiwoko.pt\/servicos\/banhos-e-tosquias-mundo-beleza\/#\/schema\/logo\/image\/"},"sameAs":["https:\/\/www.facebook.com\/tiendanimal","https:\/\/x.com\/tiendanimal","https:\/\/www.instagram.com\/tiendanimal","https:\/\/www.youtube.com\/user\/tiendanimal"]}]}},"_links":{"self":[{"href":"https:\/\/www.kiwoko.pt\/servicos\/banhos-e-tosquias-mundo-beleza\/wp-json\/wp\/v2\/pages\/2","targetHints":{"allow":["GET"]}}],"collection":[{"href":"https:\/\/www.kiwoko.pt\/servicos\/banhos-e-tosquias-mundo-beleza\/wp-json\/wp\/v2\/pages"}],"about":[{"href":"https:\/\/www.kiwoko.pt\/servicos\/banhos-e-tosquias-mundo-beleza\/wp-json\/wp\/v2\/types\/page"}],"author":[{"embeddable":true,"href":"https:\/\/www.kiwoko.pt\/servicos\/banhos-e-tosquias-mundo-beleza\/wp-json\/wp\/v2\/users\/1"}],"replies":[{"embeddable":true,"href":"https:\/\/www.kiwoko.pt\/servicos\/banhos-e-tosquias-mundo-beleza\/wp-json\/wp\/v2\/comments?post=2"}],"version-history":[{"count":58,"href":"https:\/\/www.kiwoko.pt\/servicos\/banhos-e-tosquias-mundo-beleza\/wp-json\/wp\/v2\/pages\/2\/revisions"}],"predecessor-version":[{"id":951,"href":"https:\/\/www.kiwoko.pt\/servicos\/banhos-e-tosquias-mundo-beleza\/wp-json\/wp\/v2\/pages\/2\/revisions\/951"}],"wp:attachment":[{"href":"https:\/\/www.kiwoko.pt\/servicos\/banhos-e-tosquias-mundo-beleza\/wp-json\/wp\/v2\/media?parent=2"}],"curies":[{"name":"wp","href":"https:\/\/api.w.org\/{rel}","templated":true}]}}