{"id":89,"date":"2020-02-19T12:31:48","date_gmt":"2020-02-19T12:31:48","guid":{"rendered":"https:\/\/www.kiwoko.pt\/blog\/?page_id=89"},"modified":"2020-03-31T17:57:03","modified_gmt":"2020-03-31T17:57:03","slug":"repteis","status":"publish","type":"page","link":"https:\/\/www.kiwoko.pt\/blog\/repteis\/","title":{"rendered":"R\u00e9pteis"},"content":{"rendered":"<!-- wp:shortcode -->\n                    <div id=\"repteis\">\n            <div class=\"posts-list\">\n            <div class=\"row\">\n                        <div class=\"col-md-6 0\">\n                <div class=\"kontainer-category 0\">                    <a href=\"https:\/\/www.kiwoko.pt\/blog\/cobra-do-milho-ficha-cuidados\/\" class=\"post 0\">\n                        <div class=\"post-image lazyload 0\" style=\"background:inherit;background-size:cover;\" data-bg=\"#DDDDDD url(https:\/\/www.kiwoko.pt\/blog\/wp-content\/uploads\/2025\/10\/cobras-do-milho.jpg) no-repeat\"><\/div>\n                        <div class=\"post-text 0\">\n                            <h2>Cobra-do-milho: cuidados, terr\u00e1rio, alimenta\u00e7\u00e3o e tudo o que precisa de saber<\/h2>\n                            Elegante, silenciosa e fascinante \u2014 a cobra-do-milho tornou-se uma das esp\u00e9cies ex\u00f3ticas mais acarinhadas por quem aprecia r\u00e9pteis. E com raz\u00e3o. \u00c9 d\u00f3cil, f\u00e1cil de manusear, requer cuidados relativamente...                        <\/div>\n                    <\/a>\n                <\/div>\n            <\/div>\n                        <div class=\"col-md-6 1\">\n                <div class=\"kontainer-category 1\">                    <a href=\"https:\/\/www.kiwoko.pt\/blog\/conselhos-pra-cuidar-repteis-no-verao\/\" class=\"post 1\">\n                        <div class=\"post-image lazyload 1\" style=\"background:inherit;background-size:cover;\" data-bg=\"#DDDDDD url(https:\/\/www.kiwoko.pt\/blog\/wp-content\/uploads\/2022\/06\/cuidados-verao-repteis.jpg) no-repeat\"><\/div>\n                        <div class=\"post-text 1\">\n                            <h2>Cuidar dos r\u00e9pteis no ver\u00e3o<\/h2>\n                            O ver\u00e3o traz consigo temperaturas elevadas, que podem ter um efeito inesperado nos nossos animais de estima\u00e7\u00e3o. Estas flutua\u00e7\u00f5es de temperatura podem ser particularmente cr\u00edticas para os r\u00e9pteis. Por...                        <\/div>\n                    <\/a>\n                <\/div>\n            <\/div>\n                        <div class=\"col-md-6 2\">\n                <div class=\"kontainer-category 2\">                    <a href=\"https:\/\/www.kiwoko.pt\/blog\/porque-e-que-as-tartarugas-hibernam-causas-e-conselhos\/\" class=\"post 2\">\n                        <div class=\"post-image lazyload 2\" style=\"background:inherit;background-size:cover;\" data-bg=\"#DDDDDD url(https:\/\/www.kiwoko.pt\/blog\/wp-content\/uploads\/2023\/10\/porque-e-que-as-tartarugas-hibernam.jpg) no-repeat\"><\/div>\n                        <div class=\"post-text 2\">\n                            <h2>Porque \u00e9 que as tartarugas hibernam? Causas e conselhos<\/h2>\n                            J\u00e1 alguma vez se perguntou porque \u00e9 que as tartarugas hibernam? Neste artigo, dizemos-lhe tudo o que precisa de saber sobre este mecanismo de sobreviv\u00eancia.                        <\/div>\n                    <\/a>\n                <\/div>\n            <\/div>\n                        <div class=\"col-md-6 3\">\n                <div class=\"kontainer-category 3\">                    <a href=\"https:\/\/www.kiwoko.pt\/blog\/de-que-cuidados-necessita-a-sua-tartaruga-aquatica-no-verao\/\" class=\"post 3\">\n                        <div class=\"post-image lazyload 3\" style=\"background:inherit;background-size:cover;\" data-bg=\"#DDDDDD url(https:\/\/www.kiwoko.pt\/blog\/wp-content\/uploads\/2023\/08\/tartaruga-aquatica-cuidados.jpg) no-repeat\"><\/div>\n                        <div class=\"post-text 3\">\n                            <h2>De que cuidados necessita a sua tartaruga aqu\u00e1tica no ver\u00e3o?<\/h2>\n                            Se chegou a este artigo \u00e9 porque \u00e9 fascinado por tartarugas aqu\u00e1ticas e porque est\u00e1 preocupado com os cuidados que elas precisam quando o ver\u00e3o se aproxima, certo? \u00c9...                        <\/div>\n                    <\/a>\n                <\/div>\n            <\/div>\n                        <div class=\"col-md-6 4\">\n                <div class=\"kontainer-category 4\">                    <a href=\"https:\/\/www.kiwoko.pt\/blog\/cuidados-e-caracteristicas-do-gecko-leopardo\/\" class=\"post 4\">\n                        <div class=\"post-image lazyload 4\" style=\"background:inherit;background-size:cover;\" data-bg=\"#DDDDDD url(https:\/\/www.kiwoko.pt\/blog\/wp-content\/uploads\/2023\/06\/Gecko-leopardo-cuidados-caracteristicas.jpg) no-repeat\"><\/div>\n                        <div class=\"post-text 4\">\n                            <h2>Cuidados e caracter\u00edsticas do Gecko Leopardo<\/h2>\n                            Um Gecko Leopardo entrou na sua vida? \u00f3timo! Se \u00e9 um principiante, o Gecko \u00e9 uma \u00f3tima maneira de se iniciar no mundo dos r\u00e9pteis. Agora que ele chegou...                        <\/div>\n                    <\/a>\n                <\/div>\n            <\/div>\n                        <div class=\"col-md-6 5\">\n                <div class=\"kontainer-category 5\">                    <a href=\"https:\/\/www.kiwoko.pt\/blog\/maiores-cobras-do-mundo\/\" class=\"post 5\">\n                        <div class=\"post-image lazyload 5\" style=\"background:inherit;background-size:cover;\" data-bg=\"#DDDDDD url(https:\/\/www.kiwoko.pt\/blog\/wp-content\/uploads\/2021\/08\/As-maiores-cobras-do-mundo-2.jpg) no-repeat\"><\/div>\n                        <div class=\"post-text 5\">\n                            <h2>Quais s\u00e3o as maiores cobras do mundo?<\/h2>\n                            As maiores cobras do mundo s\u00e3o animais capazes de o deixar realmente fascinado. \u00a0Al\u00e9m do seu incr\u00edvel tamanho, o medo que elas s\u00e3o capazes de despertar e as suas...                        <\/div>\n                    <\/a>\n                <\/div>\n            <\/div>\n                        <div class=\"col-md-6 6\">\n                <div class=\"kontainer-category 6\">                    <a href=\"https:\/\/www.kiwoko.pt\/blog\/tartarugas-aquaticas-seus-cuidados-e-necessidades\/\" class=\"post 6\">\n                        <div class=\"post-image lazyload 6\" style=\"background:inherit;background-size:cover;\" data-bg=\"#DDDDDD url(https:\/\/www.kiwoko.pt\/blog\/wp-content\/uploads\/2020\/03\/tartarugas-aqu\u00e1ticas.jpg) no-repeat\"><\/div>\n                        <div class=\"post-text 6\">\n                            <h2>Tartarugas aqu\u00e1ticas, seus cuidados e necessidades<\/h2>\n                            Se tomou a firme decis\u00e3o de adotar uma tartaruga aqu\u00e1tica como animal de estima\u00e7\u00e3o, ensinamos-lhe todos os aspetos que deve ter em conta para cuidar deste r\u00e9ptil como ele...                        <\/div>\n                    <\/a>\n                <\/div>\n            <\/div>\n            <\/div>\n        <\/div>\n                <div id=\"repteis-loading-elements\" class=\"text-center mt-1 loading-elements\"><div class=\"lds-ellipsis\"><div><\/div><div><\/div><div><\/div><div><\/div><\/div><\/div>\n                    <\/div>\n<!-- \/wp:shortcode -->","protected":false},"excerpt":{"rendered":"<p>A chegada a casa de um novo membro \u00e9 sempre importante, pelo que \u00e9 preciso ter tudo pronto para dar-lhe as boas-vindas. Se tiver adquirido uma tartaruga aqu\u00e1tica, de certeza que gostaria de saber um pouco mais sobre a mesma. Nesta publicamos vamos abordar os aspetos b\u00e1sicos para cuidar do seu novo animal de estima\u00e7\u00e3o. [&hellip;]<\/p>\n","protected":false},"author":23,"featured_media":0,"parent":0,"menu_order":0,"comment_status":"closed","ping_status":"closed","template":"","meta":{"_acf_changed":false,"_uag_custom_page_level_css":"","footnotes":""},"class_list":["post-89","page","type-page","status-publish","hentry"],"acf":[],"uagb_featured_image_src":{"full":false,"thumbnail":false,"medium":false,"medium_large":false,"large":false,"1536x1536":false,"2048x2048":false},"uagb_author_info":{"display_name":"Carla","author_link":"https:\/\/www.kiwoko.pt\/blog\/author\/carla\/"},"uagb_comment_info":0,"uagb_excerpt":"A chegada a casa de um novo membro \u00e9 sempre importante, pelo que \u00e9 preciso ter tudo pronto para dar-lhe as boas-vindas. Se tiver adquirido uma tartaruga aqu\u00e1tica, de certeza que gostaria de saber um pouco mais sobre a mesma. Nesta publicamos vamos abordar os aspetos b\u00e1sicos para cuidar do seu novo animal de estima\u00e7\u00e3o.&hellip;","_links":{"self":[{"href":"https:\/\/www.kiwoko.pt\/blog\/wp-json\/wp\/v2\/pages\/89","targetHints":{"allow":["GET"]}}],"collection":[{"href":"https:\/\/www.kiwoko.pt\/blog\/wp-json\/wp\/v2\/pages"}],"about":[{"href":"https:\/\/www.kiwoko.pt\/blog\/wp-json\/wp\/v2\/types\/page"}],"author":[{"embeddable":true,"href":"https:\/\/www.kiwoko.pt\/blog\/wp-json\/wp\/v2\/users\/23"}],"replies":[{"embeddable":true,"href":"https:\/\/www.kiwoko.pt\/blog\/wp-json\/wp\/v2\/comments?post=89"}],"version-history":[{"count":2,"href":"https:\/\/www.kiwoko.pt\/blog\/wp-json\/wp\/v2\/pages\/89\/revisions"}],"predecessor-version":[{"id":686,"href":"https:\/\/www.kiwoko.pt\/blog\/wp-json\/wp\/v2\/pages\/89\/revisions\/686"}],"wp:attachment":[{"href":"https:\/\/www.kiwoko.pt\/blog\/wp-json\/wp\/v2\/media?parent=89"}],"curies":[{"name":"wp","href":"https:\/\/api.w.org\/{rel}","templated":true}]}}