{"id":87,"date":"2020-02-19T12:31:31","date_gmt":"2020-02-19T12:31:31","guid":{"rendered":"https:\/\/www.kiwoko.pt\/blog\/?page_id=87"},"modified":"2020-03-31T17:56:50","modified_gmt":"2020-03-31T17:56:50","slug":"passaros","status":"publish","type":"page","link":"https:\/\/www.kiwoko.pt\/blog\/passaros\/","title":{"rendered":"P\u00e1ssaros"},"content":{"rendered":"<!-- wp:shortcode -->\n                    <div id=\"passaros\">\n            <div class=\"posts-list\">\n            <div class=\"row\">\n                        <div class=\"col-md-6 0\">\n                <div class=\"kontainer-category 0\">                    <a href=\"https:\/\/www.kiwoko.pt\/blog\/como-proteger-passaros-do-frio\/\" class=\"post 0\">\n                        <div class=\"post-image lazyload 0\" style=\"background:inherit;background-size:cover;\" data-bg=\"#DDDDDD url(https:\/\/www.kiwoko.pt\/blog\/wp-content\/uploads\/2024\/11\/proteger-passaros-do-frio-jpg.webp) no-repeat\"><\/div>\n                        <div class=\"post-text 0\">\n                            <h2>Como proteger os p\u00e1ssaros do frio: cuidados no inverno<\/h2>\n                            Sabia que os p\u00e1ssaros t\u00eam frio? As aves s\u00e3o criaturas de sangue quente com uma temperatura corporal muito superior \u00e0 dos seres humanos. Quando o inverno se aproxima, muitas...                        <\/div>\n                    <\/a>\n                <\/div>\n            <\/div>\n                        <div class=\"col-md-6 1\">\n                <div class=\"kontainer-category 1\">                    <a href=\"https:\/\/www.kiwoko.pt\/blog\/guia-completo-das-ninfa\/\" class=\"post 1\">\n                        <div class=\"post-image lazyload 1\" style=\"background:inherit;background-size:cover;\" data-bg=\"#DDDDDD url(https:\/\/www.kiwoko.pt\/blog\/wp-content\/uploads\/2024\/05\/ninfa-familia-de-passaros.jpg) no-repeat\"><\/div>\n                        <div class=\"post-text 1\">\n                            <h2>Guia completo das ninfas como aves de companhia<\/h2>\n                            As ninfas, tamb\u00e9m conhecidas como cacatuas ninfas ou caturras, s\u00e3o uma das aves dom\u00e9sticas mais queridas e populares. Nativas da Austr\u00e1lia, estas aves s\u00e3o apreciadas pelo seu comportamento soci\u00e1vel...                        <\/div>\n                    <\/a>\n                <\/div>\n            <\/div>\n                        <div class=\"col-md-6 2\">\n                <div class=\"kontainer-category 2\">                    <a href=\"https:\/\/www.kiwoko.pt\/blog\/guia-para-a-criacao-de-canarios-em-casa\/\" class=\"post 2\">\n                        <div class=\"post-image lazyload 2\" style=\"background:inherit;background-size:cover;\" data-bg=\"#DDDDDD url(https:\/\/www.kiwoko.pt\/blog\/wp-content\/uploads\/2020\/03\/guia-para-a-criacao-de-canarios-em-casa.png) no-repeat\"><\/div>\n                        <div class=\"post-text 2\">\n                            <h2>Como criar can\u00e1rios em casa? Guia definitivo<\/h2>\n                            Neste artigo contamos-lhe todos os passos que tem que dar para que a cria e a reprodu\u00e7\u00e3o dos seus can\u00e1rios em casa seja perfeita. Entre e descubra-o!                        <\/div>\n                    <\/a>\n                <\/div>\n            <\/div>\n                        <div class=\"col-md-6 3\">\n                <div class=\"kontainer-category 3\">                    <a href=\"https:\/\/www.kiwoko.pt\/blog\/canarios-conselhos-cuidados-e-caracteristicas\/\" class=\"post 3\">\n                        <div class=\"post-image lazyload 3\" style=\"background:inherit;background-size:cover;\" data-bg=\"#DDDDDD url(https:\/\/www.kiwoko.pt\/blog\/wp-content\/uploads\/2024\/02\/cuidados-e-caracteristicas-dos-canarios.jpg) no-repeat\"><\/div>\n                        <div class=\"post-text 3\">\n                            <h2>Can\u00e1rios: conselhos, cuidados e caracter\u00edsticas<\/h2>\n                            Os&nbsp;can\u00e1rios, aves pequenas e encantadoras, conquistaram os cora\u00e7\u00f5es dos amantes de aves de todo o mundo com o seu canto alegre e as suas cores vibrantes. Origin\u00e1rios das Ilhas...                        <\/div>\n                    <\/a>\n                <\/div>\n            <\/div>\n                        <div class=\"col-md-6 4\">\n                <div class=\"kontainer-category 4\">                    <a href=\"https:\/\/www.kiwoko.pt\/blog\/diamante-de-gould-conselhos-cuidados-e-caracteristicas\/\" class=\"post 4\">\n                        <div class=\"post-image lazyload 4\" style=\"background:inherit;background-size:cover;\" data-bg=\"#DDDDDD url(https:\/\/www.kiwoko.pt\/blog\/wp-content\/uploads\/2023\/08\/diamante-de-gould.jpg) no-repeat\"><\/div>\n                        <div class=\"post-text 4\">\n                            <h2>Diamante de Gould: conselhos, cuidados e caracter\u00edsticas<\/h2>\n                            Aprenda tudo sobre as necessidades especiais de um Diamante de Gould, higiene, alimenta\u00e7\u00e3o e cuidados - uma ave bem cuidada \u00e9 uma ave feliz!                        <\/div>\n                    <\/a>\n                <\/div>\n            <\/div>\n                        <div class=\"col-md-6 5\">\n                <div class=\"kontainer-category 5\">                    <a href=\"https:\/\/www.kiwoko.pt\/blog\/diamante-mandarim-conselhos-cuidados-e-caracteristicas\/\" class=\"post 5\">\n                        <div class=\"post-image lazyload 5\" style=\"background:inherit;background-size:cover;\" data-bg=\"#DDDDDD url(https:\/\/www.kiwoko.pt\/blog\/wp-content\/uploads\/2020\/07\/Diamante-mandarim-conselhos-cuidados-e-caracter\u00edsticas.jpg) no-repeat\"><\/div>\n                        <div class=\"post-text 5\">\n                            <h2>Tudo o que precisa de saber sobre o diamante mandarim<\/h2>\n                            Gostaria de conhecer um pouco mais a fundo os diamantes-mandarins? Nesta publica\u00e7\u00e3o contamos-lhe curiosidades sobre a sua personalidade, damos-lhe alguns conselhos para cuidar bem deles e para que sejam...                        <\/div>\n                    <\/a>\n                <\/div>\n            <\/div>\n                        <div class=\"col-md-6 6\">\n                <div class=\"kontainer-category 6\">                    <a href=\"https:\/\/www.kiwoko.pt\/blog\/agapornis-conselhos-cuidados-e-caracteristicas\/\" class=\"post 6\">\n                        <div class=\"post-image lazyload 6\" style=\"background:inherit;background-size:cover;\" data-bg=\"#DDDDDD url(https:\/\/www.kiwoko.pt\/blog\/wp-content\/uploads\/2020\/06\/peach-faced-lovebird-1-min.jpg) no-repeat\"><\/div>\n                        <div class=\"post-text 6\">\n                            <h2>Agapornis: conselhos, cuidados e caracter\u00edsticas<\/h2>\n                            Se quiser receber o agapornis na sua casa como ele merece, certamente que gostar\u00e1 de saber um pouco mais sobre estes alegres p\u00e1ssaros. Aqui encontrar\u00e1 toda a informa\u00e7\u00e3o de...                        <\/div>\n                    <\/a>\n                <\/div>\n            <\/div>\n                        <div class=\"col-md-6 7\">\n                <div class=\"kontainer-category 7\">                    <a href=\"https:\/\/www.kiwoko.pt\/blog\/como-cuidares-do-teu-passaro-durante-a-muda-da-plumagem\/\" class=\"post 7\">\n                        <div class=\"post-image lazyload 7\" style=\"background:inherit;background-size:cover;\" data-bg=\"#DDDDDD url(https:\/\/www.kiwoko.pt\/blog\/wp-content\/uploads\/2022\/08\/cabecera-muda-plumas-aves.jpeg) no-repeat\"><\/div>\n                        <div class=\"post-text 7\">\n                            <h2>Como cuidares do teu p\u00e1ssaro durante a muda da plumagem?<\/h2>\n                            Tal como os c\u00e3es e os gatos mudam o p\u00ealo, os p\u00e1ssaros tamb\u00e9m mudam as penas. A muda \u00e9 um processo delicado para o teu animal de estima\u00e7\u00e3o porque,...                        <\/div>\n                    <\/a>\n                <\/div>\n            <\/div>\n                        <div class=\"col-md-6 8\">\n                <div class=\"kontainer-category 8\">                    <a href=\"https:\/\/www.kiwoko.pt\/blog\/periquitos-os-seus-cuidados-e-necessidades\/\" class=\"post 8\">\n                        <div class=\"post-image lazyload 8\" style=\"background:inherit;background-size:cover;\" data-bg=\"#DDDDDD url(https:\/\/www.kiwoko.pt\/blog\/wp-content\/uploads\/2020\/08\/perquito-azul-min.jpg) no-repeat\"><\/div>\n                        <div class=\"post-text 8\">\n                            <h2>Periquitos, os seus cuidados e necessidades<\/h2>\n                            Se tiver um periquito em casa, certamente que gostar\u00e1 de saber um pouco mais sobre estes alegres p\u00e1ssaros. Aqui encontrar\u00e1 toda a informa\u00e7\u00e3o de que precisa para dar-lhes uma...                        <\/div>\n                    <\/a>\n                <\/div>\n            <\/div>\n                        <div class=\"col-md-6 9\">\n                <div class=\"kontainer-category 9\">                    <a href=\"https:\/\/www.kiwoko.pt\/blog\/exoticos-os-seus-cuidados-e-necessidades\/\" class=\"post 9\">\n                        <div class=\"post-image lazyload 9\" style=\"background:inherit;background-size:cover;\" data-bg=\"#DDDDDD url(https:\/\/www.kiwoko.pt\/blog\/wp-content\/uploads\/2020\/03\/Ex\u00f3ticos-os-seus-cuidados-e-necessidades.jpg) no-repeat\"><\/div>\n                        <div class=\"post-text 9\">\n                            <h2>Ex\u00f3ticos, os seus cuidados e necessidades<\/h2>\n                            \u00c9 fascinado por p\u00e1ssaros ex\u00f3ticos e tropicais? N\u00f3s tamb\u00e9m! Se estiver a pensar levar um para casa ou se acaba de o levar, damos-lhe uma s\u00e9rie de conselhos para...                        <\/div>\n                    <\/a>\n                <\/div>\n            <\/div>\n            <\/div>\n        <\/div>\n                <div id=\"passaros-loading-elements\" class=\"text-center mt-1 loading-elements\"><div class=\"lds-ellipsis\"><div><\/div><div><\/div><div><\/div><div><\/div><\/div><\/div>\n                    <\/div>\n<!-- \/wp:shortcode -->","protected":false},"excerpt":{"rendered":"<p>O mundo das aves ex\u00f3ticas e tropicais \u00e9 fascinante. Por um lado, as suas cores e sons alegres tornam-nos muito atraentes para os amantes dos p\u00e1ssaros, por outro, s\u00e3o um excelente animal de companhia. Poder\u00e1 passar horas e horas a observar o seu majestoso bater das asas e movimentos breves e r\u00e1pidos. S\u00e3o maravilhosos! Convidamo-los [&hellip;]<\/p>\n","protected":false},"author":23,"featured_media":0,"parent":0,"menu_order":0,"comment_status":"closed","ping_status":"closed","template":"","meta":{"_acf_changed":false,"_uag_custom_page_level_css":"","footnotes":""},"class_list":["post-87","page","type-page","status-publish","hentry"],"acf":[],"uagb_featured_image_src":{"full":false,"thumbnail":false,"medium":false,"medium_large":false,"large":false,"1536x1536":false,"2048x2048":false},"uagb_author_info":{"display_name":"Carla","author_link":"https:\/\/www.kiwoko.pt\/blog\/author\/carla\/"},"uagb_comment_info":0,"uagb_excerpt":"O mundo das aves ex\u00f3ticas e tropicais \u00e9 fascinante. Por um lado, as suas cores e sons alegres tornam-nos muito atraentes para os amantes dos p\u00e1ssaros, por outro, s\u00e3o um excelente animal de companhia. Poder\u00e1 passar horas e horas a observar o seu majestoso bater das asas e movimentos breves e r\u00e1pidos. S\u00e3o maravilhosos! Convidamo-los&hellip;","_links":{"self":[{"href":"https:\/\/www.kiwoko.pt\/blog\/wp-json\/wp\/v2\/pages\/87","targetHints":{"allow":["GET"]}}],"collection":[{"href":"https:\/\/www.kiwoko.pt\/blog\/wp-json\/wp\/v2\/pages"}],"about":[{"href":"https:\/\/www.kiwoko.pt\/blog\/wp-json\/wp\/v2\/types\/page"}],"author":[{"embeddable":true,"href":"https:\/\/www.kiwoko.pt\/blog\/wp-json\/wp\/v2\/users\/23"}],"replies":[{"embeddable":true,"href":"https:\/\/www.kiwoko.pt\/blog\/wp-json\/wp\/v2\/comments?post=87"}],"version-history":[{"count":2,"href":"https:\/\/www.kiwoko.pt\/blog\/wp-json\/wp\/v2\/pages\/87\/revisions"}],"predecessor-version":[{"id":685,"href":"https:\/\/www.kiwoko.pt\/blog\/wp-json\/wp\/v2\/pages\/87\/revisions\/685"}],"wp:attachment":[{"href":"https:\/\/www.kiwoko.pt\/blog\/wp-json\/wp\/v2\/media?parent=87"}],"curies":[{"name":"wp","href":"https:\/\/api.w.org\/{rel}","templated":true}]}}