{"id":50,"date":"2020-02-19T09:51:04","date_gmt":"2020-02-19T09:51:04","guid":{"rendered":"https:\/\/www.kiwoko.pt\/blog\/?page_id=50"},"modified":"2025-06-26T11:02:38","modified_gmt":"2025-06-26T10:02:38","slug":"conselhos-nutricao-para-gatos","status":"publish","type":"page","link":"https:\/\/www.kiwoko.pt\/blog\/conselhos-nutricao-para-gatos\/","title":{"rendered":"Conselhos de nutri\u00e7\u00e3o para gatos"},"content":{"rendered":"<!-- wp:shortcode -->\n    <div class=\"row\">        <div class=\"col-md-6\">\n                                    <div class=\"kontainer-category\">\n                                    <div class=\"kontainer-cat-name\">\n                        <h2>como escolher a sua alimenta\u00e7\u00e3o<\/h2>\n                    <\/div>\n                                <a href=\"https:\/\/www.kiwoko.pt\/blog\/como-cuidar-de-um-gato-senior-castrado\/\" class=\"post\">\n                <div class=\"post-image lazyload\" style=\"background:inherit;background-size:cover;\" data-bg=\"#DDDDDD url(https:\/\/www.kiwoko.pt\/blog\/wp-content\/uploads\/2025\/12\/Alimentacao-para-gatos-seniores-esterilizados.jpg) no-repeat\"><\/div>\n                <div class=\"post-text\">\n                    <h3>Como cuidar de um gato s\u00e9nior castrado?<\/h3>\n                    Viver com um gato mais velho \u00e9 um privil\u00e9gio que traz muitos momentos de amor. Se o seu gato...                    <!--?php the_excerpt();?-->\n                <\/div>\n                <\/a>\n                                <a href=\"https:\/\/www.kiwoko.pt\/blog\/como-escolher-melhor-racao-light-para-gatos\/\" class=\"post\">\n                    <div class=\"row\">\n                        <div class=\"col-sm-4 no-padding\"><div class=\"post-image-min lazyload\" style=\"background:inherit;background-size:cover;\" data-bg=\"#DDDDDD url(https:\/\/www.kiwoko.pt\/blog\/wp-content\/uploads\/2025\/12\/melhor-racao-light-para-gatos.jpg) no-repeat\"><\/div><\/div>\n                        <div class=\"col-sm-8 no-padding\">\n                            <div class=\"post-text-min\">\n                                <h3>Ra\u00e7\u00f5es light para gatos com excesso de peso: o que s\u00e3o e como escolher o melhor\u00a0<\/h3>\n                            <\/div>\n                        <\/div>\n                    <\/div>\n                <\/a>\n                                <div class=\"row\">\n                    <div class=\"col-12\">\n                        <!--a href=\"https:\/\/www.kiwoko.pt\/blog\/?animal=Gatos\" class=\"post-link-all\">Ver todos los art\u00edculos de como escolher a sua alimenta\u00e7\u00e3o ><\/a-->\n                        <a href=\"https:\/\/www.kiwoko.pt\/blog\/como-escolher-alimentacao-gatos\" class=\"post-link-all\">Veja todos os posts para como escolher a sua alimenta\u00e7\u00e3o ><\/a>\n                    <\/div>\n                <\/div>\n            <\/div>\n                    <\/div>\n                        <div class=\"col-md-6\">\n                                    <div class=\"kontainer-category\">\n                                    <div class=\"kontainer-cat-name\">\n                        <h2>Alimenta\u00e7\u00e3o<\/h2>\n                    <\/div>\n                                <a href=\"https:\/\/www.kiwoko.pt\/blog\/problemas-urinarios-em-gatos-como-detetalos\/\" class=\"post\">\n                <div class=\"post-image lazyload\" style=\"background:inherit;background-size:cover;\" data-bg=\"#DDDDDD url(https:\/\/www.kiwoko.pt\/blog\/wp-content\/uploads\/2026\/03\/gatos-con-problemas-urinarios.jpg) no-repeat\"><\/div>\n                <div class=\"post-text\">\n                    <h3>Problemas urin\u00e1rios em gatos: como detet\u00e1\u2011los e o que pode ser feito para ajudar<\/h3>\n                    Se convive com um gato, sabe que estes s\u00e3o peritos em disfar\u00e7ar quando algo n\u00e3o est\u00e1 bem. Por isso,...                    <!--?php the_excerpt();?-->\n                <\/div>\n                <\/a>\n                                <a href=\"https:\/\/www.kiwoko.pt\/blog\/como-cuidar-de-um-gato-senior-castrado\/\" class=\"post\">\n                    <div class=\"row\">\n                        <div class=\"col-sm-4 no-padding\"><div class=\"post-image-min lazyload\" style=\"background:inherit;background-size:cover;\" data-bg=\"#DDDDDD url(https:\/\/www.kiwoko.pt\/blog\/wp-content\/uploads\/2025\/12\/Alimentacao-para-gatos-seniores-esterilizados.jpg) no-repeat\"><\/div><\/div>\n                        <div class=\"col-sm-8 no-padding\">\n                            <div class=\"post-text-min\">\n                                <h3>Como cuidar de um gato s\u00e9nior castrado?<\/h3>\n                            <\/div>\n                        <\/div>\n                    <\/div>\n                <\/a>\n                                <div class=\"row\">\n                    <div class=\"col-12\">\n                        <!--a href=\"https:\/\/www.kiwoko.pt\/blog\/\" class=\"post-link-all\">Ver todos los art\u00edculos de Alimenta\u00e7\u00e3o ><\/a-->\n                        <a href=\"https:\/\/www.kiwoko.pt\/blog\/conselhos-alimentacao-para-gatos\" class=\"post-link-all\">Veja todos os posts para Alimenta\u00e7\u00e3o ><\/a>\n                    <\/div>\n                <\/div>\n            <\/div>\n                    <\/div>\n                    <\/div>\n    \n<!-- \/wp:shortcode -->\n\n<!-- wp:shortcode -->\n                    <div id=\"alimento-h\u00famido\">\n            <div class=\"posts-list\">\n            <div class=\"row\">\n                        <div class=\"col-md-6 0\">\n                <div class=\"kontainer-category 0\">                    <a href=\"https:\/\/www.kiwoko.pt\/blog\/que-sao-saquetas-de-alimentacao-humida-para-caes-beneficios\/\" class=\"post 0\">\n                        <div class=\"post-image lazyload 0\" style=\"background:inherit;background-size:cover;\" data-bg=\"#DDDDDD url(https:\/\/www.kiwoko.pt\/blog\/wp-content\/uploads\/2026\/01\/saquetas-de-alimentacao-humida-para-caes.jpg) no-repeat\"><\/div>\n                        <div class=\"post-text 0\">\n                            <h2>O que s\u00e3o saquetas de alimenta\u00e7\u00e3o h\u00famida para c\u00e3es e por que \u00e9 importante inclu\u00ed-las na dieta habitual do seu c\u00e3o?<\/h2>\n                            Se j\u00e1 ficou em frente \u00e0 sec\u00e7\u00e3o de alimenta\u00e7\u00e3o h\u00famida para c\u00e3es e se perguntou o que s\u00e3o aquelas embalagens convenientes chamadas saquetas de alimenta\u00e7\u00e3o h\u00famida, veio ao s\u00edtio...                        <\/div>\n                    <\/a>\n                <\/div>\n            <\/div>\n                        <div class=\"col-md-6 1\">\n                <div class=\"kontainer-category 1\">                    <a href=\"https:\/\/www.kiwoko.pt\/blog\/a-melhor-alimentacao-humida-para-gatinhos-guia-completo\/\" class=\"post 1\">\n                        <div class=\"post-image lazyload 1\" style=\"background:inherit;background-size:cover;\" data-bg=\"#DDDDDD url(https:\/\/www.kiwoko.pt\/blog\/wp-content\/uploads\/2025\/05\/melhor-comida-humida-para-gatinhos.jpg) no-repeat\"><\/div>\n                        <div class=\"post-text 1\">\n                            <h2>A melhor alimenta\u00e7\u00e3o h\u00famida para gatinhos: o segredo para um crescimento saud\u00e1vel<\/h2>\n                            Quando temos um gatinho em casa, uma das decis\u00f5es mais importantes \u00e9 a escolha da comida. A alimenta\u00e7\u00e3o h\u00famida para gatinhos \u00e9 uma das op\u00e7\u00f5es mais populares, pois n\u00e3o...                        <\/div>\n                    <\/a>\n                <\/div>\n            <\/div>\n            <\/div>\n        <\/div>\n                    <div class=\"row\">\n                <div class=\"col-lg-12\">\n                    <button id=\"alimento-h\u00famido-load-more-articles\" class=\"btn load-more\" data-cat=\"\" data-tag=\"alimento-humido\" data-animal=\"\"\n                data-numpost=\"2\">Carregar mais posts<\/button>\n                <\/div>\n            <\/div> \n            <script>\n                document.addEventListener('DOMContentLoaded', function () {\n                const buttons = document.querySelectorAll('.btn.load-more');\n\n                buttons.forEach(function (button) {\n                    button.addEventListener('click', function () {\n                    const title = button.getAttribute('data-title') || '';\n                    const link = button.getAttribute('data-link') || window.location.href;\n                    const position = button.getAttribute('data-position') || '';\n                    const category = button.getAttribute('data-cat') || '';\n                    const linkText = button.innerText || button.textContent;\n\n                    window.dataLayer = window.dataLayer || [];\n                    window.dataLayer.push({\n                        'event': 'blog_mas_articulos',\n                        'event_name': 'blog_mas_articulos',\n                        'position': position,\n                        'link_text': linkText,\n                        'link_url': link,\n                        'category': category,\n                        'product_name': title\n                    });\n                    });\n                });\n                });\n            <\/script>\n                <div id=\"alimento-h\u00famido-loading-elements\" class=\"text-center mt-1 loading-elements\"><div class=\"lds-ellipsis\"><div><\/div><div><\/div><div><\/div><div><\/div><\/div><\/div>\n                    <\/div>\n<!-- \/wp:shortcode -->","protected":false},"excerpt":{"rendered":"<p>Quando temos um gatinho em casa, uma das decis\u00f5es mais importantes \u00e9 a escolha da comida. A alimenta\u00e7\u00e3o h\u00famida para gatinhos \u00e9 uma das op\u00e7\u00f5es mais populares, pois n\u00e3o s\u00f3 \u00e9 saborosa e nutritiva, como tamb\u00e9m oferece uma s\u00e9rie de benef\u00edcios para a sa\u00fade.&nbsp; Se alguma vez se perguntou &#8220;Qual \u00e9 a melhor alimenta\u00e7\u00e3o h\u00famida [&hellip;]<\/p>\n","protected":false},"author":23,"featured_media":12102,"parent":0,"menu_order":0,"comment_status":"closed","ping_status":"closed","template":"","meta":{"_acf_changed":false,"_uag_custom_page_level_css":"","footnotes":""},"class_list":["post-50","page","type-page","status-publish","has-post-thumbnail","hentry"],"acf":[],"uagb_featured_image_src":{"full":["https:\/\/www.kiwoko.pt\/blog\/wp-content\/uploads\/2025\/06\/nutricao-para-gatos.jpg",1118,350,false],"thumbnail":["https:\/\/www.kiwoko.pt\/blog\/wp-content\/uploads\/2025\/06\/nutricao-para-gatos-150x150.jpg",150,150,true],"medium":["https:\/\/www.kiwoko.pt\/blog\/wp-content\/uploads\/2025\/06\/nutricao-para-gatos-300x94.jpg",300,94,true],"medium_large":["https:\/\/www.kiwoko.pt\/blog\/wp-content\/uploads\/2025\/06\/nutricao-para-gatos-768x240.jpg",768,240,true],"large":["https:\/\/www.kiwoko.pt\/blog\/wp-content\/uploads\/2025\/06\/nutricao-para-gatos-1024x321.jpg",1024,321,true],"1536x1536":["https:\/\/www.kiwoko.pt\/blog\/wp-content\/uploads\/2025\/06\/nutricao-para-gatos.jpg",1118,350,false],"2048x2048":["https:\/\/www.kiwoko.pt\/blog\/wp-content\/uploads\/2025\/06\/nutricao-para-gatos.jpg",1118,350,false]},"uagb_author_info":{"display_name":"Carla","author_link":"https:\/\/www.kiwoko.pt\/blog\/author\/carla\/"},"uagb_comment_info":0,"uagb_excerpt":"Quando temos um gatinho em casa, uma das decis\u00f5es mais importantes \u00e9 a escolha da comida. A alimenta\u00e7\u00e3o h\u00famida para gatinhos \u00e9 uma das op\u00e7\u00f5es mais populares, pois n\u00e3o s\u00f3 \u00e9 saborosa e nutritiva, como tamb\u00e9m oferece uma s\u00e9rie de benef\u00edcios para a sa\u00fade.&nbsp; Se alguma vez se perguntou \"Qual \u00e9 a melhor alimenta\u00e7\u00e3o h\u00famida&hellip;","_links":{"self":[{"href":"https:\/\/www.kiwoko.pt\/blog\/wp-json\/wp\/v2\/pages\/50","targetHints":{"allow":["GET"]}}],"collection":[{"href":"https:\/\/www.kiwoko.pt\/blog\/wp-json\/wp\/v2\/pages"}],"about":[{"href":"https:\/\/www.kiwoko.pt\/blog\/wp-json\/wp\/v2\/types\/page"}],"author":[{"embeddable":true,"href":"https:\/\/www.kiwoko.pt\/blog\/wp-json\/wp\/v2\/users\/23"}],"replies":[{"embeddable":true,"href":"https:\/\/www.kiwoko.pt\/blog\/wp-json\/wp\/v2\/comments?post=50"}],"version-history":[{"count":2,"href":"https:\/\/www.kiwoko.pt\/blog\/wp-json\/wp\/v2\/pages\/50\/revisions"}],"predecessor-version":[{"id":12106,"href":"https:\/\/www.kiwoko.pt\/blog\/wp-json\/wp\/v2\/pages\/50\/revisions\/12106"}],"wp:featuredmedia":[{"embeddable":true,"href":"https:\/\/www.kiwoko.pt\/blog\/wp-json\/wp\/v2\/media\/12102"}],"wp:attachment":[{"href":"https:\/\/www.kiwoko.pt\/blog\/wp-json\/wp\/v2\/media?parent=50"}],"curies":[{"name":"wp","href":"https:\/\/api.w.org\/{rel}","templated":true}]}}