{"id":48,"date":"2020-02-19T09:50:27","date_gmt":"2020-02-19T09:50:27","guid":{"rendered":"https:\/\/www.kiwoko.pt\/blog\/?page_id=48"},"modified":"2025-06-26T10:44:13","modified_gmt":"2025-06-26T09:44:13","slug":"racas-de-gatos","status":"publish","type":"page","link":"https:\/\/www.kiwoko.pt\/blog\/racas-de-gatos\/","title":{"rendered":"Ra\u00e7as de gatos"},"content":{"rendered":"<!-- wp:heading -->\n<h2 class=\"wp-block-heading\">Todas as ra\u00e7as<\/h2>\n<!-- \/wp:heading -->\n\n<!-- wp:shortcode -->\n                    <div id=\"ficha-de-raca\">\n            <div class=\"posts-list\">\n            <div class=\"row\">\n                        <div class=\"col-md-6 0\">\n                <div class=\"kontainer-category 0\">                    <a href=\"https:\/\/www.kiwoko.pt\/blog\/habana-brown-conselhos-cuidados-e-caracteristicas\/\" class=\"post 0\">\n                        <div class=\"post-image lazyload 0\" style=\"background:inherit;background-size:cover;\" data-bg=\"#DDDDDD url(https:\/\/www.kiwoko.pt\/blog\/wp-content\/uploads\/2022\/03\/Habana-Brown-gato.jpg) no-repeat\"><\/div>\n                        <div class=\"post-text 0\">\n                            <h2>Habana Brown: Conselhos, cuidados e caracter\u00edsticas<\/h2>\n                            Nome: Habana Brown Origem: Reino Unido Esperan\u00e7a m\u00e9dia de vida: 8-13 anos Pelo: Curto Altura: At\u00e9 30 cm Peso: At\u00e9 5 kg Temperamento: Inteligente, carinhoso Necesidades: Escovagem regular; Perfeito...                        <\/div>\n                    <\/a>\n                <\/div>\n            <\/div>\n                        <div class=\"col-md-6 1\">\n                <div class=\"kontainer-category 1\">                    <a href=\"https:\/\/www.kiwoko.pt\/blog\/ficha-raca-gato-snowshoe\/\" class=\"post 1\">\n                        <div class=\"post-image lazyload 1\" style=\"background:inherit;background-size:cover;\" data-bg=\"#DDDDDD url(https:\/\/www.kiwoko.pt\/blog\/wp-content\/uploads\/2022\/02\/Gato-Snowshoe-pt.jpg) no-repeat\"><\/div>\n                        <div class=\"post-text 1\">\n                            <h2>Gato Snowshoe: Conselhos, cuidados e caracter\u00edsticas<\/h2>\n                            Os gatos Snowshoe s\u00e3o a combina\u00e7\u00e3o perfeita entre carinho e brincadeira, ir\u00e1 ficar surpreendido!                        <\/div>\n                    <\/a>\n                <\/div>\n            <\/div>\n                        <div class=\"col-md-6 2\">\n                <div class=\"kontainer-category 2\">                    <a href=\"https:\/\/www.kiwoko.pt\/blog\/ficha-raca-british-shorthair\/\" class=\"post 2\">\n                        <div class=\"post-image lazyload 2\" style=\"background:inherit;background-size:cover;\" data-bg=\"#DDDDDD url(https:\/\/www.kiwoko.pt\/blog\/wp-content\/uploads\/2022\/01\/British-Shorthair.jpg) no-repeat\"><\/div>\n                        <div class=\"post-text 2\">\n                            <h2>British Shorthair: Origem, cuidados e caracter\u00edsticas<\/h2>\n                            Nome: British&nbsp;Shorthair&nbsp; Origem: Inglaterra Esperan\u00e7a m\u00e9dia de vida: 10 - 15 anos Cor: Diversas cores e padr\u00f5es Pelo: Curto, denso, fofo Tamanho: M\u00e9dio - grande Peso: 5 - 9...                        <\/div>\n                    <\/a>\n                <\/div>\n            <\/div>\n                        <div class=\"col-md-6 3\">\n                <div class=\"kontainer-category 3\">                    <a href=\"https:\/\/www.kiwoko.pt\/blog\/ficha-raca-gato-sagrado-birmanes\/\" class=\"post 3\">\n                        <div class=\"post-image lazyload 3\" style=\"background:inherit;background-size:cover;\" data-bg=\"#DDDDDD url(https:\/\/www.kiwoko.pt\/blog\/wp-content\/uploads\/2021\/12\/Gato-Sagrado-birmanes.jpg) no-repeat\"><\/div>\n                        <div class=\"post-text 3\">\n                            <h2>Gato Sagrado birman\u00eas: conselhos, cuidados e caracter\u00edsticas<\/h2>\n                            Conhe\u00e7a o gato birman\u00eas, um gato de origem selvagem e com um car\u00e1cter cheio de energia. Esta inteligente e carinhosa ra\u00e7a ir\u00e1 surpreende-lo em v\u00e1rios sentidos                        <\/div>\n                    <\/a>\n                <\/div>\n            <\/div>\n                        <div class=\"col-md-6 4\">\n                <div class=\"kontainer-category 4\">                    <a href=\"https:\/\/www.kiwoko.pt\/blog\/gato-siberiano-conselhos-cuidados-e-caracteristicas\/\" class=\"post 4\">\n                        <div class=\"post-image lazyload 4\" style=\"background:inherit;background-size:cover;\" data-bg=\"#DDDDDD url(https:\/\/www.kiwoko.pt\/blog\/wp-content\/uploads\/2021\/12\/gato-siberiano.jpg) no-repeat\"><\/div>\n                        <div class=\"post-text 4\">\n                            <h2>Gato Siberiano: Conselhos, Cuidados e Caracter\u00edsticas<\/h2>\n                            Conhe\u00e7a o gato siberiano, um gato de origem selvagem e com um car\u00e1cter cheio de energia. Esta inteligente e carinhosa ra\u00e7a ir\u00e1 surpreend\u00ea-lo em mais do que um sentido....                        <\/div>\n                    <\/a>\n                <\/div>\n            <\/div>\n                        <div class=\"col-md-6 5\">\n                <div class=\"kontainer-category 5\">                    <a href=\"https:\/\/www.kiwoko.pt\/blog\/ficha-raca-gato-nebelung\/\" class=\"post 5\">\n                        <div class=\"post-image lazyload 5\" style=\"background:inherit;background-size:cover;\" data-bg=\"#DDDDDD url(https:\/\/www.kiwoko.pt\/blog\/wp-content\/uploads\/2021\/11\/Gato-Nebelung-Conselhos-cuidados-e-caracteristicas.jpg) no-repeat\"><\/div>\n                        <div class=\"post-text 5\">\n                            <h2>Gato Nebelung: Conselhos, cuidados e caracter\u00edsticas<\/h2>\n                            Descubra tudo o que deve saber sobre a ra\u00e7a Nebelung, um bonito gato cinza azulado que n\u00e3o o deixar\u00e1 indiferente. N\u00e3o perca!                        <\/div>\n                    <\/a>\n                <\/div>\n            <\/div>\n                        <div class=\"col-md-6 6\">\n                <div class=\"kontainer-category 6\">                    <a href=\"https:\/\/www.kiwoko.pt\/blog\/ficha-raca-gato-sokoke\/\" class=\"post 6\">\n                        <div class=\"post-image lazyload 6\" style=\"background:inherit;background-size:cover;\" data-bg=\"#DDDDDD url(https:\/\/www.kiwoko.pt\/blog\/wp-content\/uploads\/2021\/11\/gato-Sokoke-kiwoko-pt.jpg) no-repeat\"><\/div>\n                        <div class=\"post-text 6\">\n                            <h2>Gato Sokoke: Dicas, cuidados e caracter\u00edsticas<\/h2>\n                            Conhe\u00e7a as particularidades da ra\u00e7a de gato Sokoke, caracterizada pelo car\u00e1cter amig\u00e1vel e pela necessidade de cuidar da sua alimenta\u00e7\u00e3o. N\u00e3o perca!                        <\/div>\n                    <\/a>\n                <\/div>\n            <\/div>\n                        <div class=\"col-md-6 7\">\n                <div class=\"kontainer-category 7\">                    <a href=\"https:\/\/www.kiwoko.pt\/blog\/gato-comum-europeu\/\" class=\"post 7\">\n                        <div class=\"post-image lazyload 7\" style=\"background:inherit;background-size:cover;\" data-bg=\"#DDDDDD url(https:\/\/www.kiwoko.pt\/blog\/wp-content\/uploads\/2021\/10\/gato-comum-europeu.jpg) no-repeat\"><\/div>\n                        <div class=\"post-text 7\">\n                            <h2>Gato Comum Europeu: Conselhos, cuidados e caracter\u00edsticas<\/h2>\n                            Conhe\u00e7a todas as peculiaridades do gato comum europeu e descubra quais s\u00e3o as suas necessidades e cuidados para que possa desfrutar mais do que nunca do seu felino.                        <\/div>\n                    <\/a>\n                <\/div>\n            <\/div>\n            <\/div>\n        <\/div>\n                    <div class=\"row\">\n                <div class=\"col-lg-12\">\n                    <button id=\"ficha-de-raca-load-more-articles\" class=\"btn load-more\" data-cat=\"\" data-tag=\"ficha-de-raca\" data-animal=\"Gatos\"\n                data-numpost=\"8\">Carregar mais posts<\/button>\n                <\/div>\n            <\/div> \n            <script>\n                document.addEventListener('DOMContentLoaded', function () {\n                const buttons = document.querySelectorAll('.btn.load-more');\n\n                buttons.forEach(function (button) {\n                    button.addEventListener('click', function () {\n                    const title = button.getAttribute('data-title') || '';\n                    const link = button.getAttribute('data-link') || window.location.href;\n                    const position = button.getAttribute('data-position') || '';\n                    const category = button.getAttribute('data-cat') || '';\n                    const linkText = button.innerText || button.textContent;\n\n                    window.dataLayer = window.dataLayer || [];\n                    window.dataLayer.push({\n                        'event': 'blog_mas_articulos',\n                        'event_name': 'blog_mas_articulos',\n                        'position': position,\n                        'link_text': linkText,\n                        'link_url': link,\n                        'category': category,\n                        'product_name': title\n                    });\n                    });\n                });\n                });\n            <\/script>\n                <div id=\"ficha-de-raca-loading-elements\" class=\"text-center mt-1 loading-elements\"><div class=\"lds-ellipsis\"><div><\/div><div><\/div><div><\/div><div><\/div><\/div><\/div>\n                    <\/div>\n<!-- \/wp:shortcode -->\n\n<!-- wp:spacer {\"height\":\"16px\"} -->\n<div style=\"height:16px\" aria-hidden=\"true\" class=\"wp-block-spacer\"><\/div>\n<!-- \/wp:spacer -->\n\n<!-- wp:paragraph -->\n<p>Quer conhecer todas as ra\u00e7as de gatos que existem no mundo? Nesta sec\u00e7\u00e3o, encontrar\u00e1 informa\u00e7\u00f5es sobre gatos de <strong>diferentes partes do mundo, peludos e sem pelo, grandes e pequenos, carinhosos e independentes... <\/strong>Aprender\u00e1 tamb\u00e9m sobre a hist\u00f3ria dos gatos, o seu car\u00e1cter e como cuidar deles. Mas aten\u00e7\u00e3o, tamb\u00e9m vai descobrir muitas outras curiosidades do mundo dos gatos.<\/p>\n<!-- \/wp:paragraph -->\n\n<!-- wp:heading -->\n<h2 class=\"wp-block-heading\">Tipos de ra\u00e7as de gatos<\/h2>\n<!-- \/wp:heading -->\n\n<!-- wp:paragraph -->\n<p>Em primeiro lugar, \u00e9 necess\u00e1rio distinguir entre dois aspetos principais dos gatos: O <strong>tamanho <\/strong>e a <strong>pelagem<\/strong>, que afetam n\u00e3o s\u00f3 a apar\u00eancia f\u00edsica, mas tamb\u00e9m os cuidados a ter.<\/p>\n<!-- \/wp:paragraph -->\n\n<!-- wp:heading {\"level\":3} -->\n<h3 class=\"wp-block-heading\">Ra\u00e7as de gatos grandes e gigantes<\/h3>\n<!-- \/wp:heading -->\n\n<!-- wp:paragraph -->\n<p>Aqui encontrar\u00e1 uma <strong>sele\u00e7\u00e3o dos grandes felinos e gatos gigantes<\/strong> mais not\u00e1veis:<\/p>\n<!-- \/wp:paragraph -->\n\n<!-- wp:list -->\n<ul class=\"wp-block-list\"><!-- wp:list-item -->\n<li><strong><a href=\"https:\/\/www.kiwoko.pt\/blog\/maine-coon-conselhos-cuidados-e-caracteristicas\/\" title=\"Maine Coon: conselhos, cuidados e caracter\u00edsticas\">Maine Coon<\/a>: <\/strong>esta \u00e9 uma das maiores ra\u00e7as de gatos que existem. Este gato caracteriza-se pelo seu car\u00e1cter brincalh\u00e3o e independente. Tem uma intelig\u00eancia admir\u00e1vel, que demonstra quando executa ordens. At\u00e9 recorrem \u00e0 vocaliza\u00e7\u00e3o para se expressarem!<\/li>\n<!-- \/wp:list-item -->\n\n<!-- wp:list-item -->\n<li><strong>Highlander: <\/strong>este grande felino \u00e9 um cruzamento entre um lince e uma ra\u00e7a de gato chamada Curl americano, e caracteriza-se pelos seus olhos e orelhas. Em poucas palavras, tem um car\u00e1cter afetuoso, pelo que sente uma verdadeira liga\u00e7\u00e3o com o seu dono. \u00c9 tamb\u00e9m uma ra\u00e7a de gato calma e paciente que n\u00e3o recusa uma brincadeira.<\/li>\n<!-- \/wp:list-item -->\n\n<!-- wp:list-item -->\n<li><strong>Gato de Bengala: <\/strong>esta ra\u00e7a de gato combina um aspeto f\u00edsico forte com um car\u00e1cter descontra\u00eddo. \u00c9 cheio de energia e brincalh\u00e3o por natureza. Claramente um tudo-em-um!<\/li>\n<!-- \/wp:list-item -->\n\n<!-- wp:list-item -->\n<li><strong>Selkirk Rex: <\/strong>a sua pelagem densa e encaracolada chama a aten\u00e7\u00e3o, raz\u00e3o pela qual tamb\u00e9m \u00e9 conhecido como o \"gato Caniche\". Esta ra\u00e7a de gatos de grande porte precisa de ser escovada diariamente para evitar a forma\u00e7\u00e3o de n\u00f3s.<\/li>\n<!-- \/wp:list-item -->\n\n<!-- wp:list-item -->\n<li><strong>Ragamuffin: <\/strong>para<strong> <\/strong>al\u00e9m<strong> <\/strong>do<strong> <\/strong>seu tamanho e peso, tem tamb\u00e9m uma pelagem volumosa. No entanto, por detr\u00e1s desta apar\u00eancia imponente, esconde-se um gato carinhoso que se d\u00e1 bem com todos os membros da fam\u00edlia e outros animais de estima\u00e7\u00e3o.<\/li>\n<!-- \/wp:list-item --><\/ul>\n<!-- \/wp:list -->\n\n<!-- wp:heading {\"level\":3} -->\n<h3 class=\"wp-block-heading\">Ra\u00e7as de gatos pequenos<\/h3>\n<!-- \/wp:heading -->\n\n<!-- wp:paragraph -->\n<p>Eis algumas das ra\u00e7as mais populares de gatos pequenos:<\/p>\n<!-- \/wp:paragraph -->\n\n<!-- wp:list -->\n<ul class=\"wp-block-list\"><!-- wp:list-item -->\n<li><strong>Singapura: <\/strong>\u00c9 considerada a ra\u00e7a de gato mais pequena do mundo. \u00c9 um gato afetuoso que adora estar perto das pessoas, mas tamb\u00e9m \u00e9 ativo, curioso e brincalh\u00e3o.<\/li>\n<!-- \/wp:list-item -->\n\n<!-- wp:list-item -->\n<li><strong>Munchkin<\/strong>: Devido ao seu pequeno tamanho, \u00e9 comparado aos \"c\u00e3es salsicha\"<strong>. <\/strong>Compensa o seu aspeto f\u00edsico com o seu comportamento extrovertido e brincalh\u00e3o. \u00c9 tamb\u00e9m um gato que sabe seguir ordens e movimentar-se rapidamente.<\/li>\n<!-- \/wp:list-item -->\n\n<!-- wp:list-item -->\n<li><strong>Minskin: <\/strong>resultado de um cruzamento entre as ra\u00e7as Munchkin e Sphynx. \u00c9 um gato com pouco pelo e, por isso, precisa de mais cuidados. O Minskin \u00e9, no entanto, um gato inteligente, en\u00e9rgico e afetuoso.<\/li>\n<!-- \/wp:list-item -->\n\n<!-- wp:list-item -->\n<li><strong>Devon Rex: <\/strong>Esta ra\u00e7a de gato tem um aspeto f\u00edsico que j\u00e1 chama a aten\u00e7\u00e3o pelo seu tamanho, pois os seus olhos e orelhas s\u00e3o maiores em propor\u00e7\u00e3o \u00e0 sua cabe\u00e7a. \u00c9 tamb\u00e9m um gato muito en\u00e9rgico, o que o torna brincalh\u00e3o. No entanto, \u00e9 um gato afetuoso que n\u00e3o gosta de ser deixado sozinho.<\/li>\n<!-- \/wp:list-item -->\n\n<!-- wp:list-item -->\n<li><strong>Korat: <\/strong>Esta \u00e9<strong> <\/strong>uma ra\u00e7a de gatos antiga que levou s\u00e9culos a ser reconhecida mundialmente. \u00c9 conhecida pelo seu corpo esguio e pelo seu aspeto gracioso que tamb\u00e9m \u00e9 potente. O Koraten \u00e9 carinhoso, comunicativo e brincalh\u00e3o.<\/li>\n<!-- \/wp:list-item --><\/ul>\n<!-- \/wp:list -->\n\n<!-- wp:heading {\"level\":3} -->\n<h3 class=\"wp-block-heading\">Ra\u00e7as de gatos peludos<\/h3>\n<!-- \/wp:heading -->\n\n<!-- wp:paragraph -->\n<p>V\u00e1rias ra\u00e7as de gatos s\u00e3o tamb\u00e9m conhecidas pelo seu pelo volumoso:<\/p>\n<!-- \/wp:paragraph -->\n\n<!-- wp:list -->\n<ul class=\"wp-block-list\"><!-- wp:list-item -->\n<li><strong><a href=\"https:\/\/www.kiwoko.pt\/blog\/gato-persa-conselhos-cuidados-e-caracteristicas\/\" title=\"Gato persa: conselhos, cuidados e caracter\u00edsticas\">Persa<\/a><\/strong>: Uma das ra\u00e7as de gatos mais populares, caracterizada pela sua grande quantidade de pelo. A sua pelagem \u00e9 longa e espessa, o que lhe confere um aspeto mais corpulento. Para al\u00e9m da sua pelagem, o Persa \u00e9 tamb\u00e9m conhecido pelo seu comportamento calmo.<\/li>\n<!-- \/wp:list-item -->\n\n<!-- wp:list-item -->\n<li><strong>Angor\u00e1: <\/strong>Para al\u00e9m da sua pelagem carater\u00edstica, que deve ser escovada diariamente para evitar a forma\u00e7\u00e3o de tricobezoares, o gato Angor\u00e1 caracteriza-se pela sua intelig\u00eancia, curiosidade e atividade.<\/li>\n<!-- \/wp:list-item --><\/ul>\n<!-- \/wp:list -->\n\n<!-- wp:heading {\"level\":3} -->\n<h3 class=\"wp-block-heading\">Ra\u00e7as de gatos sem pelo<\/h3>\n<!-- \/wp:heading -->\n\n<!-- wp:paragraph -->\n<p>Por fim, eis algumas das ra\u00e7as de gatos sem pelo que mais chamam a aten\u00e7\u00e3o:<\/p>\n<!-- \/wp:paragraph -->\n\n<!-- wp:list -->\n<ul class=\"wp-block-list\"><!-- wp:list-item -->\n<li><strong>Sphynx<\/strong>: Esta ra\u00e7a de gato acima referida \u00e9 tamb\u00e9m conhecida como gato sphynx. Para al\u00e9m do seu aspeto f\u00edsico \u00fanico, o Sphynx caracteriza-se pela sua intelig\u00eancia, curiosidade e brincadeira, al\u00e9m de adorar a companhia do seu dono. No entanto, o seu apetite voraz compensa a perda de calor causada pela sua falta de pelo. Em caso de mau tempo, o Sphynx necessita de cuidados especiais com o seu pelo.<\/li>\n<!-- \/wp:list-item -->\n\n<!-- wp:list-item -->\n<li><strong>Gato duende: <\/strong>Para al\u00e9m de n\u00e3o ter pelo, o gato duende tem orelhas curvadas carater\u00edsticas, raz\u00e3o pela qual \u00e9 considerado uma das ra\u00e7as de gatos mais estranhas do mundo. Tal como o sphynx, o gato duende requer cuidados especiais, como limitar a exposi\u00e7\u00e3o ao sol e uma boa higiene para evitar problemas de pele.<\/li>\n<!-- \/wp:list-item --><\/ul>\n<!-- \/wp:list -->\n\n<!-- wp:heading -->\n<h2 class=\"wp-block-heading\">Quantas ra\u00e7as de gatos existem?<\/h2>\n<!-- \/wp:heading -->\n\n<!-- wp:paragraph -->\n<p><strong>Dependendo das normas utilizadas<\/strong>, o n\u00famero de ra\u00e7as de gatos catalogadas pode ser maior ou menor.<\/p>\n<!-- \/wp:paragraph -->\n\n<!-- wp:paragraph -->\n<p>Por exemplo, a Organiza\u00e7\u00e3o Internacional dos Gatos (TICA, na sua sigla em ingl\u00eas) conta <strong>cerca de 73 ra\u00e7as de gatos<\/strong> e a Federa\u00e7\u00e3o Felina Internacional (FIFe) divide este n\u00famero de ra\u00e7as em diferentes tipos de gatos.<\/p>\n<!-- \/wp:paragraph -->\n\n<!-- wp:heading -->\n<h2 class=\"wp-block-heading\">As ra\u00e7as de gatos mais comuns<\/h2>\n<!-- \/wp:heading -->\n\n<!-- wp:paragraph -->\n<p>Juntamente com o Persa e o Maine Coon, estas s\u00e3o algumas das ra\u00e7as de gatos mais populares:<\/p>\n<!-- \/wp:paragraph -->\n\n<!-- wp:list -->\n<ul class=\"wp-block-list\"><!-- wp:list-item -->\n<li><strong>Azul Russo: <\/strong>este gato de tamanho m\u00e9dio tem uma silhueta esguia e uma pelagem dupla que lhe confere uma textura \u00fanica. No entanto, o Azul Russo \u00e9 um gato sens\u00edvel e muitas vezes reservado.<\/li>\n<!-- \/wp:list-item -->\n\n<!-- wp:list-item -->\n<li><strong>Bombay: <\/strong>caracteriza-se por um corpo musculado e uma pelagem brilhante e negra como breu. O gato Bombay \u00e9 conhecido pela sua natureza amig\u00e1vel e pelo seu miado invulgar.<\/li>\n<!-- \/wp:list-item -->\n\n<!-- wp:list-item -->\n<li><strong>Ragdoll: <\/strong>\u00e9 um<strong> <\/strong>gato forte e imponente, cuja apar\u00eancia contrasta com o seu car\u00e1cter calmo e descontra\u00eddo. De facto, o Ragdoll \u00e9 considerado uma das ra\u00e7as de gatos dom\u00e9sticos mais calmas.<\/li>\n<!-- \/wp:list-item -->\n\n<!-- wp:list-item -->\n<li><strong>Siam\u00eas: <\/strong>o seu corpo \u00e9 longo e flex\u00edvel. Em termos de car\u00e1cter, o gato siam\u00eas caracteriza-se pela sua natureza extrovertida e pela necessidade de aten\u00e7\u00e3o do seu dono. No entanto, \u00e9 um gato inteligente que precisa de est\u00edmulos para se entreter.<\/li>\n<!-- \/wp:list-item --><\/ul>\n<!-- \/wp:list -->\n\n<!-- wp:paragraph -->\n<p>Agora que j\u00e1 sabe um pouco mais sobre as diferentes ra\u00e7as de gatos existentes no mundo e as suas respetivas carater\u00edsticas, pode dar ao seu gatinho os <strong>cuidados de que ele necessita<\/strong>.<\/p>\n<!-- \/wp:paragraph -->","protected":false},"excerpt":{"rendered":"<p>Nome: Gato comum europeu Origem: \u00c1frica, Asia, Europa Esperan\u00e7a m\u00e9dia de vida:15-18 anos Cor: Tigrado, manchado, bicolor, tricolor, branco, preto ou cinza Pelo: Curto Peso: 3,5-5 kg Temperamento: Independente, carinhoso, inteligente, t\u00edmido Necesidades: Treino, ambiente limpo e carinho Perfeito para: Crian\u00e7as Altura: 30 cm Origem do gato comum europeu&nbsp; O gato comum europeu&nbsp;tem a sua [&hellip;]<\/p>\n","protected":false},"author":23,"featured_media":12096,"parent":0,"menu_order":0,"comment_status":"closed","ping_status":"closed","template":"","meta":{"_acf_changed":false,"_uag_custom_page_level_css":"","footnotes":""},"class_list":["post-48","page","type-page","status-publish","has-post-thumbnail","hentry"],"acf":[],"uagb_featured_image_src":{"full":["https:\/\/www.kiwoko.pt\/blog\/wp-content\/uploads\/2025\/06\/Racas-de-gatos.jpg",1118,350,false],"thumbnail":["https:\/\/www.kiwoko.pt\/blog\/wp-content\/uploads\/2025\/06\/Racas-de-gatos-150x150.jpg",150,150,true],"medium":["https:\/\/www.kiwoko.pt\/blog\/wp-content\/uploads\/2025\/06\/Racas-de-gatos-300x94.jpg",300,94,true],"medium_large":["https:\/\/www.kiwoko.pt\/blog\/wp-content\/uploads\/2025\/06\/Racas-de-gatos-768x240.jpg",768,240,true],"large":["https:\/\/www.kiwoko.pt\/blog\/wp-content\/uploads\/2025\/06\/Racas-de-gatos-1024x321.jpg",1024,321,true],"1536x1536":["https:\/\/www.kiwoko.pt\/blog\/wp-content\/uploads\/2025\/06\/Racas-de-gatos.jpg",1118,350,false],"2048x2048":["https:\/\/www.kiwoko.pt\/blog\/wp-content\/uploads\/2025\/06\/Racas-de-gatos.jpg",1118,350,false]},"uagb_author_info":{"display_name":"Carla","author_link":"https:\/\/www.kiwoko.pt\/blog\/author\/carla\/"},"uagb_comment_info":0,"uagb_excerpt":"Nome: Gato comum europeu Origem: \u00c1frica, Asia, Europa Esperan\u00e7a m\u00e9dia de vida:15-18 anos Cor: Tigrado, manchado, bicolor, tricolor, branco, preto ou cinza Pelo: Curto Peso: 3,5-5 kg Temperamento: Independente, carinhoso, inteligente, t\u00edmido Necesidades: Treino, ambiente limpo e carinho Perfeito para: Crian\u00e7as Altura: 30 cm Origem do gato comum europeu&nbsp; O gato comum europeu&nbsp;tem a sua&hellip;","_links":{"self":[{"href":"https:\/\/www.kiwoko.pt\/blog\/wp-json\/wp\/v2\/pages\/48","targetHints":{"allow":["GET"]}}],"collection":[{"href":"https:\/\/www.kiwoko.pt\/blog\/wp-json\/wp\/v2\/pages"}],"about":[{"href":"https:\/\/www.kiwoko.pt\/blog\/wp-json\/wp\/v2\/types\/page"}],"author":[{"embeddable":true,"href":"https:\/\/www.kiwoko.pt\/blog\/wp-json\/wp\/v2\/users\/23"}],"replies":[{"embeddable":true,"href":"https:\/\/www.kiwoko.pt\/blog\/wp-json\/wp\/v2\/comments?post=48"}],"version-history":[{"count":5,"href":"https:\/\/www.kiwoko.pt\/blog\/wp-json\/wp\/v2\/pages\/48\/revisions"}],"predecessor-version":[{"id":12100,"href":"https:\/\/www.kiwoko.pt\/blog\/wp-json\/wp\/v2\/pages\/48\/revisions\/12100"}],"wp:featuredmedia":[{"embeddable":true,"href":"https:\/\/www.kiwoko.pt\/blog\/wp-json\/wp\/v2\/media\/12096"}],"wp:attachment":[{"href":"https:\/\/www.kiwoko.pt\/blog\/wp-json\/wp\/v2\/media?parent=48"}],"curies":[{"name":"wp","href":"https:\/\/api.w.org\/{rel}","templated":true}]}}