{"id":12422,"date":"2025-10-02T07:02:30","date_gmt":"2025-10-02T06:02:30","guid":{"rendered":"https:\/\/www.kiwoko.pt\/blog\/?page_id=12422"},"modified":"2026-03-02T06:45:02","modified_gmt":"2026-03-02T06:45:02","slug":"termos-e-condicoes-tribo-felina-da-kiwoko","status":"publish","type":"page","link":"https:\/\/www.kiwoko.pt\/blog\/termos-e-condicoes-tribo-felina-da-kiwoko\/","title":{"rendered":"Termos e condi\u00e7\u00f5es Tribo Felina Da Kiwoko"},"content":{"rendered":"<!-- wp:heading -->\n<h2 class=\"wp-block-heading\">TRIBO FELINA MASQUEPET<\/h2>\n<!-- \/wp:heading -->\n\n<!-- wp:paragraph -->\n<p>Os presentes Termos e Condi\u00e7\u00f5es regulam a ades\u00e3o \u00e0 comunidade de <em>Cat Lovers <\/em>da Masquepet Portugal, S.A., com sede na Rua da Argila n\u00ba 565, 4445-027, Alfena, Valongo, Porto, NIPC 513904689 (doravante, \"<strong>Tribo Felina<\/strong>\"). A ades\u00e3o a esta comunidade \u00e9 totalmente gratuita. O Utilizador que pretende aderir poder\u00e1 registar-se e obter uma s\u00e9rie de benef\u00edcios, tais como:<\/p>\n<!-- \/wp:paragraph -->\n\n<!-- wp:heading -->\n<h2 class=\"wp-block-heading\">Promo\u00e7\u00e3o de capta\u00e7\u00e3o<\/h2>\n<!-- \/wp:heading -->\n\n<!-- wp:paragraph -->\n<p>Oferta de uma areia para gato Nova Clean Aglomerante Marselha 10L (NCL70326) (no caso de n\u00e3o haver disponibilidade de stock, ser\u00e1 facultada outra areia de caracter\u00edsticas semelhantes, a crit\u00e9rio do colaborador da loja) para as novas ades\u00f5es \u00e0 Tribo Felina realizadas entre 02\/03\/2026 e 06\/04\/2026. A areia dever\u00e1 ser levantada nas lojas f\u00edsicas de Portugal. Para solicitar a areia, no momento do levantamento dever\u00e1 ser apresentado o e\u2011mail de boas\u2011vindas \u00e0 Tribo Felina, com o cart\u00e3o de membro inclu\u00eddo no mesmo. Isto ser\u00e1 imprescind\u00edvel para receber a oferta. Limitado a uma \u00fanica unidade por membro e por nova ades\u00e3o. Promo\u00e7\u00e3o v\u00e1lida de 02\/03\/2026 a 06\/04\/2026.<\/p>\n<!-- \/wp:paragraph -->\n\n<!-- wp:heading -->\n<h2 class=\"wp-block-heading\">Benef\u00edcios Flash<\/h2>\n<!-- \/wp:heading -->\n\n<!-- wp:list {\"ordered\":true} -->\n<ol class=\"wp-block-list\"><!-- wp:list-item -->\n<li><strong>Dias de ronronar: <\/strong>Quatro (4) dias de promo\u00e7\u00f5es flash.&nbsp;<\/li>\n<!-- \/wp:list-item --><\/ol>\n<!-- \/wp:list -->\n\n<!-- wp:paragraph -->\n<p>Estes benef\u00edcios estar\u00e3o em vigor por um per\u00edodo de quatro (4) dias, e as condi\u00e7\u00f5es aplic\u00e1veis ser\u00e3o as indicadas em cada promo\u00e7\u00e3o. Estes benef\u00edcios s\u00e3o atualizados mensalmente e n\u00e3o fazem parte de benef\u00edcios permanentes ou cont\u00ednuos.<\/p>\n<!-- \/wp:paragraph -->\n\n<!-- wp:heading -->\n<h2 class=\"wp-block-heading\">Benef\u00edcios Permanentes<\/h2>\n<!-- \/wp:heading -->\n\n<!-- wp:list {\"ordered\":true} -->\n<ol class=\"wp-block-list\"><!-- wp:list-item -->\n<li><strong>Packs de boas-vindas com 50% de desconto: <\/strong>dois (2) packs de produtos, um para gatos adultos e outro para gatinhos com uma sele\u00e7\u00e3o de refer\u00eancias para cobrir todas as necessidades do gato. Por fazerem parte da tribo estes packs t\u00eam uma redu\u00e7\u00e3o de 50% no pre\u00e7o.<\/li>\n<!-- \/wp:list-item --><\/ol>\n<!-- \/wp:list -->\n\n<!-- wp:paragraph -->\n<p>Al\u00e9m dos dois benef\u00edcios de boas-vindas, os seguintes pacotes est\u00e3o inclu\u00eddos (ver condi\u00e7\u00f5es no blog):<\/p>\n<!-- \/wp:paragraph -->\n\n<!-- wp:list -->\n<ul class=\"wp-block-list\"><!-- wp:list-item -->\n<li>Oito (8) packs mistos, com produtos diferentes, com 25% de desconto.<\/li>\n<!-- \/wp:list-item --><\/ul>\n<!-- \/wp:list -->\n\n<!-- wp:list {\"ordered\":true,\"start\":2} -->\n<ol start=\"2\" class=\"wp-block-list\"><!-- wp:list-item -->\n<li><strong>Acesso a conte\u00fado antecipado:<\/strong> Acesso antecipado a conte\u00fado espec\u00edfico sobre cuidados para gatos no blog.<\/li>\n<!-- \/wp:list-item -->\n\n<!-- wp:list-item -->\n<li><strong>Descontos em servi\u00e7os de Grooming:<\/strong><\/li>\n<!-- \/wp:list-item --><\/ol>\n<!-- \/wp:list -->\n\n<!-- wp:list {\"ordered\":true,\"start\":3} -->\n<ol start=\"3\" class=\"wp-block-list\"><!-- wp:list-item -->\n<li><\/li>\n<!-- \/wp:list-item --><\/ol>\n<!-- \/wp:list -->\n\n<!-- wp:list -->\n<ul class=\"wp-block-list\"><!-- wp:list-item -->\n<li>Cabeleireiros: 30% de desconto em qualquer servi\u00e7o de gato no Masquepet Centro Beleza cabeleireiros. Sujeito a marca\u00e7\u00e3o e disponibilidade de cabeleireiros. Verifique as condi\u00e7\u00f5es no Centro Beleza.&nbsp;<\/li>\n<!-- \/wp:list-item -->\n\n<!-- wp:list-item -->\n<li>Benef\u00edcios para os membros da Tribo nos centros veterin\u00e1rios Kivet e Clinicanimal: 50% de desconto no chip (incluindo coloca\u00e7\u00e3o) e gest\u00e3o da documenta\u00e7\u00e3o do gato (nas comunidades aut\u00f3nomas onde \u00e9 exigido pelos regulamentos, ser\u00e1 feito passaporte, naqueles onde n\u00e3o, apenas o livreto) + um (1) urin\u00e1lise gratuito. Sujeito a marca\u00e7\u00e3o e disponibilidade do centro veterin\u00e1rio. Verifique as condi\u00e7\u00f5es no centro veterin\u00e1rio. Utiliz\u00e1vel apenas uma vez nos centros veterin\u00e1rios Kivet.&nbsp;<\/li>\n<!-- \/wp:list-item --><\/ul>\n<!-- \/wp:list -->\n\n<!-- wp:list {\"ordered\":true,\"start\":4} -->\n<ol start=\"4\" class=\"wp-block-list\"><!-- wp:list-item -->\n<li><strong>Desconto adicional permanente nos packs de poupan\u00e7a: <\/strong><em>Aplic\u00e1vel apenas Online. <\/em>Consulte as condi\u00e7\u00f5es no blog.<\/li>\n<!-- \/wp:list-item --><\/ol>\n<!-- \/wp:list -->\n\n<!-- wp:list -->\n<ul class=\"wp-block-list\"><!-- wp:list-item -->\n<li>Os packs poupan\u00e7a incluem um desconto permanente, dispon\u00edvel para todos os utilizadores.&nbsp;<\/li>\n<!-- \/wp:list-item -->\n\n<!-- wp:list-item -->\n<li>Os utilizadores da Tribo tamb\u00e9m ter\u00e3o um desconto adicional ao desconto permanente.&nbsp;<\/li>\n<!-- \/wp:list-item -->\n\n<!-- wp:list-item -->\n<li>Os packs poupan\u00e7a s\u00f3 est\u00e3o dispon\u00edveis online e n\u00e3o est\u00e3o \u00e0 venda em lojas f\u00edsicas.<\/li>\n<!-- \/wp:list-item --><\/ul>\n<!-- \/wp:list -->\n\n<!-- wp:list {\"ordered\":true,\"start\":5} -->\n<ol start=\"5\" class=\"wp-block-list\"><!-- wp:list-item -->\n<li><strong>Acesso exclusivo aos lan\u00e7amentos antecipados de produtos<\/strong>.<\/li>\n<!-- \/wp:list-item --><\/ol>\n<!-- \/wp:list -->\n\n<!-- wp:heading -->\n<h2 class=\"wp-block-heading\">COMO SE INSCREVER NO PROGRAMA<\/h2>\n<!-- \/wp:heading -->\n\n<!-- wp:list -->\n<ul class=\"wp-block-list\"><!-- wp:list-item -->\n<li>Os utilizadores que desejem aderir \u00e0 Tribo Felina devem preencher um formul\u00e1rio de ades\u00e3o, que est\u00e1 dispon\u00edvel no site.&nbsp;<\/li>\n<!-- \/wp:list-item -->\n\n<!-- wp:list-item -->\n<li>Para se registar na Tribo, ser\u00e1 necess\u00e1rio aceitar as condi\u00e7\u00f5es de ades\u00e3o, subscrever a newsletter de comunica\u00e7\u00f5es comerciais da Tribo bem como aceitar os Termos e Condi\u00e7\u00f5es e Pol\u00edtica de Privacidade da Masquepet, cujos links est\u00e3o dispon\u00edveis no mesmo formul\u00e1rio de ades\u00e3o.&nbsp;<\/li>\n<!-- \/wp:list-item -->\n\n<!-- wp:list-item -->\n<li>O tratamento dos dados necess\u00e1rios para completar o registo ser\u00e1 realizado a todo o momento de acordo com o disposto na legisla\u00e7\u00e3o vigente em mat\u00e9ria de prote\u00e7\u00e3o de dados e de acordo com o disposto nas presentes Condi\u00e7\u00f5es, na nossa <strong><a href=\"https:\/\/www.kiwoko.pt\/politica-de-privacidade-c1.html\" target=\"_blank\" rel=\"noreferrer noopener\">politica de privacidade<\/a><\/strong>.<\/li>\n<!-- \/wp:list-item --><\/ul>\n<!-- \/wp:list -->\n\n<!-- wp:heading -->\n<h2 class=\"wp-block-heading\">COMO BENEFICIAR DE DESCONTOS EM PRODUTOS<\/h2>\n<!-- \/wp:heading -->\n\n<!-- wp:list -->\n<ul class=\"wp-block-list\"><!-- wp:list-item -->\n<li>Uma vez realizado no registro atrav\u00e9s do formul\u00e1rio, apenas as pessoas autorizadas - identificadas no formul\u00e1rio de registo pelo seu e-mail - poder\u00e3o beneficiar de descontos em produtos.<\/li>\n<!-- \/wp:list-item -->\n\n<!-- wp:list-item -->\n<li>S\u00f3 ser\u00e1 aplic\u00e1vel em lojas f\u00edsicas Masquepet e <strong><a href=\"https:\/\/www.kiwoko.pt\/\" target=\"_blank\" rel=\"noreferrer noopener\">www.kiwoko.pt<\/a><\/strong> na loja online&nbsp;<\/li>\n<!-- \/wp:list-item -->\n\n<!-- wp:list-item -->\n<li>Os utilizadores que se dirijam \u00e0s lojas Masquepet devem identificar-se nos balc\u00f5es destes estabelecimentos antes de efetuarem a compra, atrav\u00e9s do seu email. Uma vez autorizado pela equipa (atrav\u00e9s de consulta no banco de dados), o produto ser\u00e1 adquirido ou recolhido, com os descontos estabelecidos na Tribo.<\/li>\n<!-- \/wp:list-item -->\n\n<!-- wp:list-item -->\n<li>Os utilizadores que comprarem produtos com desconto atrav\u00e9s do site devem adicionar ao carrinho qualquer produto com descontos especiais para gatos identificados como Tribo exclusiva de gatos e aplicar o cup\u00e3o que podem encontrar na sua \u00e1rea de cliente da tribo felina.<\/li>\n<!-- \/wp:list-item --><\/ul>\n<!-- \/wp:list -->\n\n<!-- wp:heading -->\n<h2 class=\"wp-block-heading\">COMO BENEFICIAR DE DESCONTOS EM SERVI\u00c7OS<\/h2>\n<!-- \/wp:heading -->\n\n<!-- wp:list -->\n<ul class=\"wp-block-list\"><!-- wp:list-item -->\n<li>Uma vez registadas atrav\u00e9s do formul\u00e1rio, apenas as pessoas autorizadas - conforme identificado no formul\u00e1rio de inscri\u00e7\u00e3o pelo seu e-mail - podem beneficiar de descontos nos servi\u00e7os.<\/li>\n<!-- \/wp:list-item -->\n\n<!-- wp:list-item -->\n<li>Os descontos nos servi\u00e7os devem ser utilizados diretamente nos estabelecimentos do prestador de servi\u00e7os em causa, mediante marca\u00e7\u00e3o e disponibilidade do centro.&nbsp;<\/li>\n<!-- \/wp:list-item --><\/ul>\n<!-- \/wp:list -->\n\n<!-- wp:heading -->\n<h2 class=\"wp-block-heading\">IMPORTANTE<\/h2>\n<!-- \/wp:heading -->\n\n<!-- wp:list -->\n<ul class=\"wp-block-list\"><!-- wp:list-item -->\n<li>O registo na Tribo \u00e9 nominativo e pessoal, Sendo os benef\u00edcios concedidos pela Tribo Felina intransmiss\u00edveis nao podendo ser utilizados por terceiros.&nbsp;<\/li>\n<!-- \/wp:list-item -->\n\n<!-- wp:list-item -->\n<li>Se o Utilizador devolver um produto adquirido com desconto, ser-lhe-\u00e1 reembolsado o valor efetivamente pago, ou seja, o montante ao qual teria sido aplicado o desconto utilizado pelo Utilizador na sua compra.<\/li>\n<!-- \/wp:list-item -->\n\n<!-- wp:list-item -->\n<li>As promo\u00e7\u00f5es e descontos oferecidos por fazer parte da Tribo Felina de Masquepet n\u00e3o podem ser combinados na mesma compra com outras ofertas ou promo\u00e7\u00f5es espec\u00edficas, pelo que o Utilizador deve escolher Entre a promo\u00e7\u00e3o v\u00e1lida por ter aderido \u00e0 Tribo Felina e a oferta espec\u00edfica oferecida pelo estabelecimento Masquepet.<\/li>\n<!-- \/wp:list-item --><\/ul>\n<!-- \/wp:list -->\n\n<!-- wp:heading -->\n<h2 class=\"wp-block-heading\">COMO CANCELAR A SUBSCRI\u00c7\u00c3O DO PROGRAMA<\/h2>\n<!-- \/wp:heading -->\n\n<!-- wp:paragraph -->\n<p>Para cancelar a subscri\u00e7\u00e3o da Tribo Felina s\u00f3 \u00e9 necess\u00e1rio cancelar a subscri\u00e7\u00e3o da newsletter da Tribo Felina atrav\u00e9s do link no final de cada comunica\u00e7\u00e3o comercial.<\/p>\n<!-- \/wp:paragraph -->\n\n<!-- wp:paragraph -->\n<p>A ades\u00e3o \u00e0 Tribo est\u00e1 ligada \u00e0 subscri\u00e7\u00e3o da nossa newsletter, pelo que o cancelamento de uma implica o cancelamento da outra. A exclus\u00e3o n\u00e3o afetar\u00e1 as suas restantes subscri\u00e7\u00f5es ou prefer\u00eancias de privacidade.<\/p>\n<!-- \/wp:paragraph -->\n\n<!-- wp:heading -->\n<h2 class=\"wp-block-heading\">MODIFICA\u00c7\u00c3O DESTES TERMOS E CONDI\u00c7\u00d5ES<\/h2>\n<!-- \/wp:heading -->\n\n<!-- wp:paragraph -->\n<p>A Masquepet reserva-se expressamente o direito de modificar os termos e condi\u00e7\u00f5es desta Tribo a qualquer momento. Qualquer modifica\u00e7\u00e3o ser\u00e1 notificada ao utilizador por e-mail e\/ou no nosso website. O uso do Servi\u00e7o ap\u00f3s tais modifica\u00e7\u00f5es constituir\u00e1 reconhecimento e aceita\u00e7\u00e3o da modifica\u00e7\u00e3o dos Termos da Tribo e o Utilizador ficar\u00e1 vinculado aos novos termos e condi\u00e7\u00f5es a partir desse momento.<\/p>\n<!-- \/wp:paragraph -->\n\n<!-- wp:heading -->\n<h2 class=\"wp-block-heading\">LEI APLIC\u00c1VEL E JURISDI\u00c7\u00c3O<\/h2>\n<!-- \/wp:heading -->\n\n<!-- wp:paragraph -->\n<p>Estes Termos e Condi\u00e7\u00f5es s\u00e3o regidos pela lei portuguesa. As partes submetem-se, para a resolu\u00e7\u00e3o de quaisquer conflitos que possam surgir, aos tribunais do domic\u00edlio do Utilizador.<\/p>\n<!-- \/wp:paragraph -->","protected":false},"excerpt":{"rendered":"<p>TRIBO FELINA MASQUEPET Os presentes Termos e Condi\u00e7\u00f5es regulam a ades\u00e3o \u00e0 comunidade de Cat Lovers da Masquepet Portugal, S.A., com sede na Rua da Argila n\u00ba 565, 4445-027, Alfena, Valongo, Porto, NIPC 513904689 (doravante, &#8220;Tribo Felina&#8221;). A ades\u00e3o a esta comunidade \u00e9 totalmente gratuita. O Utilizador que pretende aderir poder\u00e1 registar-se e obter uma [&hellip;]<\/p>\n","protected":false},"author":23,"featured_media":12423,"parent":0,"menu_order":0,"comment_status":"closed","ping_status":"closed","template":"","meta":{"_acf_changed":false,"_uag_custom_page_level_css":"","footnotes":""},"class_list":["post-12422","page","type-page","status-publish","has-post-thumbnail","hentry"],"acf":[],"uagb_featured_image_src":{"full":["https:\/\/www.kiwoko.pt\/blog\/wp-content\/uploads\/2025\/10\/Tribo-felina.jpg",1180,500,false],"thumbnail":["https:\/\/www.kiwoko.pt\/blog\/wp-content\/uploads\/2025\/10\/Tribo-felina-150x150.jpg",150,150,true],"medium":["https:\/\/www.kiwoko.pt\/blog\/wp-content\/uploads\/2025\/10\/Tribo-felina-300x127.jpg",300,127,true],"medium_large":["https:\/\/www.kiwoko.pt\/blog\/wp-content\/uploads\/2025\/10\/Tribo-felina-768x325.jpg",768,325,true],"large":["https:\/\/www.kiwoko.pt\/blog\/wp-content\/uploads\/2025\/10\/Tribo-felina-1024x434.jpg",1024,434,true],"1536x1536":["https:\/\/www.kiwoko.pt\/blog\/wp-content\/uploads\/2025\/10\/Tribo-felina.jpg",1180,500,false],"2048x2048":["https:\/\/www.kiwoko.pt\/blog\/wp-content\/uploads\/2025\/10\/Tribo-felina.jpg",1180,500,false]},"uagb_author_info":{"display_name":"Carla","author_link":"https:\/\/www.kiwoko.pt\/blog\/author\/carla\/"},"uagb_comment_info":0,"uagb_excerpt":"TRIBO FELINA MASQUEPET Os presentes Termos e Condi\u00e7\u00f5es regulam a ades\u00e3o \u00e0 comunidade de Cat Lovers da Masquepet Portugal, S.A., com sede na Rua da Argila n\u00ba 565, 4445-027, Alfena, Valongo, Porto, NIPC 513904689 (doravante, \"Tribo Felina\"). A ades\u00e3o a esta comunidade \u00e9 totalmente gratuita. O Utilizador que pretende aderir poder\u00e1 registar-se e obter uma&hellip;","_links":{"self":[{"href":"https:\/\/www.kiwoko.pt\/blog\/wp-json\/wp\/v2\/pages\/12422","targetHints":{"allow":["GET"]}}],"collection":[{"href":"https:\/\/www.kiwoko.pt\/blog\/wp-json\/wp\/v2\/pages"}],"about":[{"href":"https:\/\/www.kiwoko.pt\/blog\/wp-json\/wp\/v2\/types\/page"}],"author":[{"embeddable":true,"href":"https:\/\/www.kiwoko.pt\/blog\/wp-json\/wp\/v2\/users\/23"}],"replies":[{"embeddable":true,"href":"https:\/\/www.kiwoko.pt\/blog\/wp-json\/wp\/v2\/comments?post=12422"}],"version-history":[{"count":5,"href":"https:\/\/www.kiwoko.pt\/blog\/wp-json\/wp\/v2\/pages\/12422\/revisions"}],"predecessor-version":[{"id":12878,"href":"https:\/\/www.kiwoko.pt\/blog\/wp-json\/wp\/v2\/pages\/12422\/revisions\/12878"}],"wp:featuredmedia":[{"embeddable":true,"href":"https:\/\/www.kiwoko.pt\/blog\/wp-json\/wp\/v2\/media\/12423"}],"wp:attachment":[{"href":"https:\/\/www.kiwoko.pt\/blog\/wp-json\/wp\/v2\/media?parent=12422"}],"curies":[{"name":"wp","href":"https:\/\/api.w.org\/{rel}","templated":true}]}}