{"id":12130,"date":"2025-06-26T11:07:44","date_gmt":"2025-06-26T10:07:44","guid":{"rendered":"https:\/\/www.kiwoko.pt\/blog\/?page_id=12130"},"modified":"2025-06-26T11:07:44","modified_gmt":"2025-06-26T10:07:44","slug":"conselhos-sobre-o-comportamento-dos-gatos","status":"publish","type":"page","link":"https:\/\/www.kiwoko.pt\/blog\/conselhos-sobre-o-comportamento-dos-gatos\/","title":{"rendered":"Conselhos sobre o comportamento dos gatos"},"content":{"rendered":"<!-- wp:shortcode -->\n                    <div id=\"comportamento\">\n            <div class=\"posts-list\">\n            <div class=\"row\">\n                        <div class=\"col-md-6 0\">\n                <div class=\"kontainer-category 0\">                    <a href=\"https:\/\/www.kiwoko.pt\/blog\/os-gatos-dormem-mais-no-inverno-guia\/\" class=\"post 0\">\n                        <div class=\"post-image lazyload 0\" style=\"background:inherit;background-size:cover;\" data-bg=\"#DDDDDD url(https:\/\/www.kiwoko.pt\/blog\/wp-content\/uploads\/2026\/01\/Os-gatos-dormem-mais-no-inverno.jpg) no-repeat\"><\/div>\n                        <div class=\"post-text 0\">\n                            <h2>Os gatos dormem mais no inverno? Tudo o que precisa de saber<\/h2>\n                            Alguma vez ficou surpreendido ao ver o seu gato a dormir durante horas a fio nos meses frios? Se acha que o seu gato se transformou numa bolinha de...                        <\/div>\n                    <\/a>\n                <\/div>\n            <\/div>\n                        <div class=\"col-md-6 1\">\n                <div class=\"kontainer-category 1\">                    <a href=\"https:\/\/www.kiwoko.pt\/blog\/arvores-de-natal-e-gatos-como-posso-proteger\/\" class=\"post 1\">\n                        <div class=\"post-image lazyload 1\" style=\"background:inherit;background-size:cover;\" data-bg=\"#DDDDDD url(https:\/\/www.kiwoko.pt\/blog\/wp-content\/uploads\/2025\/12\/arvore-de-Natal-gatos.jpg) no-repeat\"><\/div>\n                        <div class=\"post-text 1\">\n                            <h2>\u00c1rvores de Natal e gatos: como posso proteger as minhas decora\u00e7\u00f5es?<\/h2>\n                            O Natal \u00e9 uma \u00e9poca m\u00e1gica, repleta de luzes, decora\u00e7\u00f5es e, claro, uma bela \u00e1rvore de Natal. No entanto, se tiver gatos em casa, essas decora\u00e7\u00f5es podem rapidamente tornar-se...                        <\/div>\n                    <\/a>\n                <\/div>\n            <\/div>\n                        <div class=\"col-md-6 2\">\n                <div class=\"kontainer-category 2\">                    <a href=\"https:\/\/www.kiwoko.pt\/blog\/como-fazer-com-gato-use-arranhador\/\" class=\"post 2\">\n                        <div class=\"post-image lazyload 2\" style=\"background:inherit;background-size:cover;\" data-bg=\"#DDDDDD url(https:\/\/www.kiwoko.pt\/blog\/wp-content\/uploads\/2025\/09\/como-fazer-com-que-o-meu-gato-use-o-arranhador.jpg) no-repeat\"><\/div>\n                        <div class=\"post-text 2\">\n                            <h2>Como posso incentivar o meu gato a usar o arranhador?<\/h2>\n                            J\u00e1 discutimos a import\u00e2ncia de arranhar para os gatos, pois esse comportamento n\u00e3o \u00e9 apenas crucial para manter as unhas, mas tamb\u00e9m para o seu comportamento territorial e necessidade...                        <\/div>\n                    <\/a>\n                <\/div>\n            <\/div>\n                        <div class=\"col-md-6 3\">\n                <div class=\"kontainer-category 3\">                    <a href=\"https:\/\/www.kiwoko.pt\/blog\/gatos-e-janelas\/\" class=\"post 3\">\n                        <div class=\"post-image lazyload 3\" style=\"background:inherit;background-size:cover;\" data-bg=\"#DDDDDD url(https:\/\/www.kiwoko.pt\/blog\/wp-content\/uploads\/2022\/02\/janelas-e-gatos.jpg) no-repeat\"><\/div>\n                        <div class=\"post-text 3\">\n                            <h2>Proteja o seu gato das quedas de janelas, varandas e terra\u00e7os<\/h2>\n                            Os gatos e as janelas t\u00eam uma rela\u00e7\u00e3o complicada, especialmente se n\u00e3o forem tomadas medidas de precau\u00e7\u00e3o                        <\/div>\n                    <\/a>\n                <\/div>\n            <\/div>\n                        <div class=\"col-md-6 4\">\n                <div class=\"kontainer-category 4\">                    <a href=\"https:\/\/www.kiwoko.pt\/blog\/cio-nos-gatos-tudo-o-que-deve-saber\/\" class=\"post 4\">\n                        <div class=\"post-image lazyload 4\" style=\"background:inherit;background-size:cover;\" data-bg=\"#DDDDDD url(https:\/\/www.kiwoko.pt\/blog\/wp-content\/uploads\/2021\/05\/cio-nas-gatas.jpg) no-repeat\"><\/div>\n                        <div class=\"post-text 4\">\n                            <h2>Gatas com cio: Tudo o que precisa de saber<\/h2>\n                            O cio nos gatos \u00e9 o per\u00edodo f\u00e9rtil dentro do ciclo sexual. Durante esta etapa, as f\u00eameas aceitam acasalar com os machos, pelo que existe a possibilidade de ficarem...                        <\/div>\n                    <\/a>\n                <\/div>\n            <\/div>\n                        <div class=\"col-md-6 5\">\n                <div class=\"kontainer-category 5\">                    <a href=\"https:\/\/www.kiwoko.pt\/blog\/como-educar-um-gato\/\" class=\"post 5\">\n                        <div class=\"post-image lazyload 5\" style=\"background:inherit;background-size:cover;\" data-bg=\"#DDDDDD url(https:\/\/www.kiwoko.pt\/blog\/wp-content\/uploads\/2021\/07\/Como-educar-um-gato.jpg) no-repeat\"><\/div>\n                        <div class=\"post-text 5\">\n                            <h2>Como educar um gato: Um guia completo para ensinar bons h\u00e1bitos ao seu gato<\/h2>\n                            Os gatos s\u00e3o animais muito inteligentes, de modo que a aprendizagem \u00e9 r\u00e1pida. Contudo, s\u00e3o animais de costumes e imita\u00e7\u00f5es.                        <\/div>\n                    <\/a>\n                <\/div>\n            <\/div>\n                        <div class=\"col-md-6 6\">\n                <div class=\"kontainer-category 6\">                    <a href=\"https:\/\/www.kiwoko.pt\/blog\/diferencas-erva-gateira-e-catnip\/\" class=\"post 6\">\n                        <div class=\"post-image lazyload 6\" style=\"background:inherit;background-size:cover;\" data-bg=\"#DDDDDD url(https:\/\/www.kiwoko.pt\/blog\/wp-content\/uploads\/2025\/02\/Catnip-e-erva-dos-gatos-sao-a-mesma-coisa-jpg.webp) no-repeat\"><\/div>\n                        <div class=\"post-text 6\">\n                            <h2>Catnip e erva gateira: s\u00e3o a mesma coisa? Tudo o que precisa de saber<\/h2>\n                            Se gosta de gatos, provavelmente j\u00e1 ouviu falar de catnip ou de erva gateira, mas pode ter-se perguntado se catnip e erva gateira s\u00e3o a mesma coisa. Embora muitas...                        <\/div>\n                    <\/a>\n                <\/div>\n            <\/div>\n                        <div class=\"col-md-6 7\">\n                <div class=\"kontainer-category 7\">                    <a href=\"https:\/\/www.kiwoko.pt\/blog\/como-educar-um-gato-para-que-durma-durante-a-noite\/\" class=\"post 7\">\n                        <div class=\"post-image lazyload 7\" style=\"background:inherit;background-size:cover;\" data-bg=\"#DDDDDD url(https:\/\/www.kiwoko.pt\/blog\/wp-content\/uploads\/2024\/05\/o-meu-gato-nao-me-deixa-dormir.jpeg) no-repeat\"><\/div>\n                        <div class=\"post-text 7\">\n                            <h2>O meu gato n\u00e3o me deixa dormir, o que devo fazer?<\/h2>\n                            Sabia que a atividade noturna dos felinos \u00e9 a desgra\u00e7a de muitos donos de gatos? Imagine que, no momento em que entra no sono REM, um gato de 10...                        <\/div>\n                    <\/a>\n                <\/div>\n            <\/div>\n            <\/div>\n        <\/div>\n                    <div class=\"row\">\n                <div class=\"col-lg-12\">\n                    <button id=\"comportamento-load-more-articles\" class=\"btn load-more\" data-cat=\"\" data-tag=\"comportamento\" data-animal=\"Gatos\"\n                data-numpost=\"8\">Carregar mais posts<\/button>\n                <\/div>\n            <\/div> \n            <script>\n                document.addEventListener('DOMContentLoaded', function () {\n                const buttons = document.querySelectorAll('.btn.load-more');\n\n                buttons.forEach(function (button) {\n                    button.addEventListener('click', function () {\n                    const title = button.getAttribute('data-title') || '';\n                    const link = button.getAttribute('data-link') || window.location.href;\n                    const position = button.getAttribute('data-position') || '';\n                    const category = button.getAttribute('data-cat') || '';\n                    const linkText = button.innerText || button.textContent;\n\n                    window.dataLayer = window.dataLayer || [];\n                    window.dataLayer.push({\n                        'event': 'blog_mas_articulos',\n                        'event_name': 'blog_mas_articulos',\n                        'position': position,\n                        'link_text': linkText,\n                        'link_url': link,\n                        'category': category,\n                        'product_name': title\n                    });\n                    });\n                });\n                });\n            <\/script>\n                <div id=\"comportamento-loading-elements\" class=\"text-center mt-1 loading-elements\"><div class=\"lds-ellipsis\"><div><\/div><div><\/div><div><\/div><div><\/div><\/div><\/div>\n                    <\/div>\n<!-- \/wp:shortcode -->\n\n<!-- wp:paragraph -->\n<p><\/p>\n<!-- \/wp:paragraph -->","protected":false},"excerpt":{"rendered":"<p>Sabia que a atividade noturna dos felinos \u00e9 a desgra\u00e7a de muitos donos de gatos? Imagine que, no momento em que entra no sono REM, um gato de 10 kg salta para o seu peito, brinca com os seus p\u00e9s ou mia insistentemente para pedir comida\u2026 Isto acontece-lhe? A maioria das pessoas que sofre deste [&hellip;]<\/p>\n","protected":false},"author":23,"featured_media":0,"parent":0,"menu_order":0,"comment_status":"closed","ping_status":"closed","template":"","meta":{"_acf_changed":false,"_uag_custom_page_level_css":"","footnotes":""},"class_list":["post-12130","page","type-page","status-publish","hentry"],"acf":[],"uagb_featured_image_src":{"full":false,"thumbnail":false,"medium":false,"medium_large":false,"large":false,"1536x1536":false,"2048x2048":false},"uagb_author_info":{"display_name":"Carla","author_link":"https:\/\/www.kiwoko.pt\/blog\/author\/carla\/"},"uagb_comment_info":0,"uagb_excerpt":"Sabia que a atividade noturna dos felinos \u00e9 a desgra\u00e7a de muitos donos de gatos? Imagine que, no momento em que entra no sono REM, um gato de 10 kg salta para o seu peito, brinca com os seus p\u00e9s ou mia insistentemente para pedir comida\u2026 Isto acontece-lhe? A maioria das pessoas que sofre deste&hellip;","_links":{"self":[{"href":"https:\/\/www.kiwoko.pt\/blog\/wp-json\/wp\/v2\/pages\/12130","targetHints":{"allow":["GET"]}}],"collection":[{"href":"https:\/\/www.kiwoko.pt\/blog\/wp-json\/wp\/v2\/pages"}],"about":[{"href":"https:\/\/www.kiwoko.pt\/blog\/wp-json\/wp\/v2\/types\/page"}],"author":[{"embeddable":true,"href":"https:\/\/www.kiwoko.pt\/blog\/wp-json\/wp\/v2\/users\/23"}],"replies":[{"embeddable":true,"href":"https:\/\/www.kiwoko.pt\/blog\/wp-json\/wp\/v2\/comments?post=12130"}],"version-history":[{"count":1,"href":"https:\/\/www.kiwoko.pt\/blog\/wp-json\/wp\/v2\/pages\/12130\/revisions"}],"predecessor-version":[{"id":12131,"href":"https:\/\/www.kiwoko.pt\/blog\/wp-json\/wp\/v2\/pages\/12130\/revisions\/12131"}],"wp:attachment":[{"href":"https:\/\/www.kiwoko.pt\/blog\/wp-json\/wp\/v2\/media?parent=12130"}],"curies":[{"name":"wp","href":"https:\/\/api.w.org\/{rel}","templated":true}]}}