{"id":12118,"date":"2025-06-26T11:04:04","date_gmt":"2025-06-26T10:04:04","guid":{"rendered":"https:\/\/www.kiwoko.pt\/blog\/?page_id=12118"},"modified":"2025-06-26T11:04:05","modified_gmt":"2025-06-26T10:04:05","slug":"conselhos-sobre-higiene-para-gatos","status":"publish","type":"page","link":"https:\/\/www.kiwoko.pt\/blog\/conselhos-sobre-higiene-para-gatos\/","title":{"rendered":"Conselhos sobre higiene para gatos"},"content":{"rendered":"<!-- wp:shortcode -->\n                    <div id=\"higiene\">\n            <div class=\"posts-list\">\n            <div class=\"row\">\n                        <div class=\"col-md-6 0\">\n                <div class=\"kontainer-category 0\">                    <a href=\"https:\/\/www.kiwoko.pt\/blog\/gatos-os-seus-cuidados-e-necessidades\/\" class=\"post 0\">\n                        <div class=\"post-image lazyload 0\" style=\"background:inherit;background-size:cover;\" data-bg=\"#DDDDDD url(https:\/\/www.kiwoko.pt\/blog\/wp-content\/uploads\/2020\/03\/gatos-cuidados-e-necessidades.jpg) no-repeat\"><\/div>\n                        <div class=\"post-text 0\">\n                            <h2>Como cuidar de um gato: guia completo de cuidados e necessidades<\/h2>\n                            O seu animal de estima\u00e7\u00e3o rec\u00e9m-chegado ir\u00e1 agradecer-lhe que prepare tudo para que se sinta em casa. Descubra tudo o que precisam os gatos para que se adaptem ao...                        <\/div>\n                    <\/a>\n                <\/div>\n            <\/div>\n                        <div class=\"col-md-6 1\">\n                <div class=\"kontainer-category 1\">                    <a href=\"https:\/\/www.kiwoko.pt\/blog\/gato-hipoalergenico-quais-sao-as-melhores-racas\/\" class=\"post 1\">\n                        <div class=\"post-image lazyload 1\" style=\"background:inherit;background-size:cover;\" data-bg=\"#DDDDDD url(https:\/\/www.kiwoko.pt\/blog\/wp-content\/uploads\/2025\/10\/que-e-um-gato-hipoalergenico.jpg) no-repeat\"><\/div>\n                        <div class=\"post-text 1\">\n                            <h2>O que s\u00e3o gatos hipoalerg\u00e9nicos?<\/h2>\n                            Se adora gatos, mas n\u00e3o pode ter um em casa devido a alergias, talvez j\u00e1 tenha ouvido falar em gatos hipoalerg\u00e9nicos. Mas ser\u00e1 que eles realmente existem? O que...                        <\/div>\n                    <\/a>\n                <\/div>\n            <\/div>\n                        <div class=\"col-md-6 2\">\n                <div class=\"kontainer-category 2\">                    <a href=\"https:\/\/www.kiwoko.pt\/blog\/com-que-frequencia-mudar-areia-do-gato\/\" class=\"post 2\">\n                        <div class=\"post-image lazyload 2\" style=\"background:inherit;background-size:cover;\" data-bg=\"#DDDDDD url(https:\/\/www.kiwoko.pt\/blog\/wp-content\/uploads\/2024\/10\/com-que-frequencia-mudar-a-areia-do-gato-jpg.webp) no-repeat\"><\/div>\n                        <div class=\"post-text 2\">\n                            <h2>Com que frequ\u00eancia devo mudar a areia do meu gato? Tudo o que precisa de saber<\/h2>\n                            Sabia que mudar regularmente a areia do seu gato \u00e9 importante para a sa\u00fade e o bem-estar do seu melhor amigo? Mudar a areia do gato regularmente n\u00e3o s\u00f3...                        <\/div>\n                    <\/a>\n                <\/div>\n            <\/div>\n                        <div class=\"col-md-6 3\">\n                <div class=\"kontainer-category 3\">                    <a href=\"https:\/\/www.kiwoko.pt\/blog\/corte-de-unhas-de-gato\/\" class=\"post 3\">\n                        <div class=\"post-image lazyload 3\" style=\"background:inherit;background-size:cover;\" data-bg=\"#DDDDDD url(https:\/\/www.kiwoko.pt\/blog\/wp-content\/uploads\/2024\/08\/como-cortar-as-unhas-de-um-gato.jpg) no-repeat\"><\/div>\n                        <div class=\"post-text 3\">\n                            <h2>Como cortar as unhas de um gato: Dicas e Truques<\/h2>\n                            As unhas dos gatos s\u00e3o vitais para v\u00e1rias atividades di\u00e1rias. Por isso, cortar as unhas a um gato \u00e9 essencial para a sua sa\u00fade e bem-estar. Embora possa parecer...                        <\/div>\n                    <\/a>\n                <\/div>\n            <\/div>\n                        <div class=\"col-md-6 4\">\n                <div class=\"kontainer-category 4\">                    <a href=\"https:\/\/www.kiwoko.pt\/blog\/diferentes-tipos-de-areias-para-gatos\/\" class=\"post 4\">\n                        <div class=\"post-image lazyload 4\" style=\"background:inherit;background-size:cover;\" data-bg=\"#DDDDDD url(https:\/\/www.kiwoko.pt\/blog\/wp-content\/uploads\/2020\/03\/melhores-tipos-de-areia-para-gatos.png) no-repeat\"><\/div>\n                        <div class=\"post-text 4\">\n                            <h2>A melhor areia para gatos: Qual \u00e9 a areia ideal para o meu felino?<\/h2>\n                            A escolha da melhor areia para gatos pode parecer simples, mas \u00e9 uma decis\u00e3o importante que tem impacto tanto na higiene da sua casa como no bem-estar do seu...                        <\/div>\n                    <\/a>\n                <\/div>\n            <\/div>\n                        <div class=\"col-md-6 5\">\n                <div class=\"kontainer-category 5\">                    <a href=\"https:\/\/www.kiwoko.pt\/blog\/um-gato-deve-ser-banhado\/\" class=\"post 5\">\n                        <div class=\"post-image lazyload 5\" style=\"background:inherit;background-size:cover;\" data-bg=\"#DDDDDD url(https:\/\/www.kiwoko.pt\/blog\/wp-content\/uploads\/2024\/07\/o-gato-deve-ser-banhado.png) no-repeat\"><\/div>\n                        <div class=\"post-text 5\">\n                            <h2>O seu gato precisa de um banho? Dicas para manter o seu gato limpo<\/h2>\n                            Se tem um gato que se limpa mais do que o habitual ou cujo pelo n\u00e3o est\u00e1 t\u00e3o limpo como o habitual, pode ter-se perguntado se os gatos devem...                        <\/div>\n                    <\/a>\n                <\/div>\n            <\/div>\n                        <div class=\"col-md-6 6\">\n                <div class=\"kontainer-category 6\">                    <a href=\"https:\/\/www.kiwoko.pt\/blog\/queda-de-pelo-em-gatos-todo-o-necessario-para-saber\/\" class=\"post 6\">\n                        <div class=\"post-image lazyload 6\" style=\"background:inherit;background-size:cover;\" data-bg=\"#DDDDDD url(https:\/\/www.kiwoko.pt\/blog\/wp-content\/uploads\/2022\/05\/muda-pelo-nos-gatos.jpg) no-repeat\"><\/div>\n                        <div class=\"post-text 6\">\n                            <h2>A muda de pelo nos gatos. O que \u00e9 e como a podemos controlar?<\/h2>\n                            De certeza que j\u00e1 fez a si pr\u00f3prio a seguinte pergunta: Os gatos mudam de pelo? A resposta \u00e9 sim. A muda de pelo nos gatos pode ser inc\u00f3moda...                        <\/div>\n                    <\/a>\n                <\/div>\n            <\/div>\n                        <div class=\"col-md-6 7\">\n                <div class=\"kontainer-category 7\">                    <a href=\"https:\/\/www.kiwoko.pt\/blog\/como-limpar-os-olhos-de-um-gato\/\" class=\"post 7\">\n                        <div class=\"post-image lazyload 7\" style=\"background:inherit;background-size:cover;\" data-bg=\"#DDDDDD url(https:\/\/www.kiwoko.pt\/blog\/wp-content\/uploads\/2022\/06\/limpar-olhos-gato.jpeg) no-repeat\"><\/div>\n                        <div class=\"post-text 7\">\n                            <h2>Saiba como limpar os olhos de um gato<\/h2>\n                            Quando pensamos num gato, v\u00eam-nos geralmente \u00e0 cabe\u00e7a duas caracter\u00edsticas principais: higiene e vis\u00e3o. \u00c9 sabido que a higiene dos gatos \u00e9 a sua imagem de marca, bem como...                        <\/div>\n                    <\/a>\n                <\/div>\n            <\/div>\n            <\/div>\n        <\/div>\n                    <div class=\"row\">\n                <div class=\"col-lg-12\">\n                    <button id=\"higiene-load-more-articles\" class=\"btn load-more\" data-cat=\"\" data-tag=\"higiene\" data-animal=\"Gatos\"\n                data-numpost=\"8\">Carregar mais posts<\/button>\n                <\/div>\n            <\/div> \n            <script>\n                document.addEventListener('DOMContentLoaded', function () {\n                const buttons = document.querySelectorAll('.btn.load-more');\n\n                buttons.forEach(function (button) {\n                    button.addEventListener('click', function () {\n                    const title = button.getAttribute('data-title') || '';\n                    const link = button.getAttribute('data-link') || window.location.href;\n                    const position = button.getAttribute('data-position') || '';\n                    const category = button.getAttribute('data-cat') || '';\n                    const linkText = button.innerText || button.textContent;\n\n                    window.dataLayer = window.dataLayer || [];\n                    window.dataLayer.push({\n                        'event': 'blog_mas_articulos',\n                        'event_name': 'blog_mas_articulos',\n                        'position': position,\n                        'link_text': linkText,\n                        'link_url': link,\n                        'category': category,\n                        'product_name': title\n                    });\n                    });\n                });\n                });\n            <\/script>\n                <div id=\"higiene-loading-elements\" class=\"text-center mt-1 loading-elements\"><div class=\"lds-ellipsis\"><div><\/div><div><\/div><div><\/div><div><\/div><\/div><\/div>\n                    <\/div>\n<!-- \/wp:shortcode -->\n\n<!-- wp:paragraph -->\n<p><\/p>\n<!-- \/wp:paragraph -->","protected":false},"excerpt":{"rendered":"<p>Quando pensamos num gato, v\u00eam-nos geralmente \u00e0 cabe\u00e7a duas caracter\u00edsticas principais: higiene e vis\u00e3o. \u00c9 sabido que a higiene dos gatos \u00e9 a sua imagem de marca, bem como a sua vis\u00e3o fascinante. Devido ao instinto predador destes animais, a vis\u00e3o \u00e9 um sentido muito valioso. Por isso, \u00e9 importante cuidar dos seus olhos para [&hellip;]<\/p>\n","protected":false},"author":23,"featured_media":12120,"parent":0,"menu_order":0,"comment_status":"closed","ping_status":"closed","template":"","meta":{"_acf_changed":false,"_uag_custom_page_level_css":"","footnotes":""},"class_list":["post-12118","page","type-page","status-publish","has-post-thumbnail","hentry"],"acf":[],"uagb_featured_image_src":{"full":["https:\/\/www.kiwoko.pt\/blog\/wp-content\/uploads\/2025\/06\/higiene-de-gato.jpg",1118,350,false],"thumbnail":["https:\/\/www.kiwoko.pt\/blog\/wp-content\/uploads\/2025\/06\/higiene-de-gato-150x150.jpg",150,150,true],"medium":["https:\/\/www.kiwoko.pt\/blog\/wp-content\/uploads\/2025\/06\/higiene-de-gato-300x94.jpg",300,94,true],"medium_large":["https:\/\/www.kiwoko.pt\/blog\/wp-content\/uploads\/2025\/06\/higiene-de-gato-768x240.jpg",768,240,true],"large":["https:\/\/www.kiwoko.pt\/blog\/wp-content\/uploads\/2025\/06\/higiene-de-gato-1024x321.jpg",1024,321,true],"1536x1536":["https:\/\/www.kiwoko.pt\/blog\/wp-content\/uploads\/2025\/06\/higiene-de-gato.jpg",1118,350,false],"2048x2048":["https:\/\/www.kiwoko.pt\/blog\/wp-content\/uploads\/2025\/06\/higiene-de-gato.jpg",1118,350,false]},"uagb_author_info":{"display_name":"Carla","author_link":"https:\/\/www.kiwoko.pt\/blog\/author\/carla\/"},"uagb_comment_info":0,"uagb_excerpt":"Quando pensamos num gato, v\u00eam-nos geralmente \u00e0 cabe\u00e7a duas caracter\u00edsticas principais: higiene e vis\u00e3o. \u00c9 sabido que a higiene dos gatos \u00e9 a sua imagem de marca, bem como a sua vis\u00e3o fascinante. Devido ao instinto predador destes animais, a vis\u00e3o \u00e9 um sentido muito valioso. Por isso, \u00e9 importante cuidar dos seus olhos para&hellip;","_links":{"self":[{"href":"https:\/\/www.kiwoko.pt\/blog\/wp-json\/wp\/v2\/pages\/12118","targetHints":{"allow":["GET"]}}],"collection":[{"href":"https:\/\/www.kiwoko.pt\/blog\/wp-json\/wp\/v2\/pages"}],"about":[{"href":"https:\/\/www.kiwoko.pt\/blog\/wp-json\/wp\/v2\/types\/page"}],"author":[{"embeddable":true,"href":"https:\/\/www.kiwoko.pt\/blog\/wp-json\/wp\/v2\/users\/23"}],"replies":[{"embeddable":true,"href":"https:\/\/www.kiwoko.pt\/blog\/wp-json\/wp\/v2\/comments?post=12118"}],"version-history":[{"count":1,"href":"https:\/\/www.kiwoko.pt\/blog\/wp-json\/wp\/v2\/pages\/12118\/revisions"}],"predecessor-version":[{"id":12119,"href":"https:\/\/www.kiwoko.pt\/blog\/wp-json\/wp\/v2\/pages\/12118\/revisions\/12119"}],"wp:featuredmedia":[{"embeddable":true,"href":"https:\/\/www.kiwoko.pt\/blog\/wp-json\/wp\/v2\/media\/12120"}],"wp:attachment":[{"href":"https:\/\/www.kiwoko.pt\/blog\/wp-json\/wp\/v2\/media?parent=12118"}],"curies":[{"name":"wp","href":"https:\/\/api.w.org\/{rel}","templated":true}]}}