{"id":12103,"date":"2025-06-26T11:02:05","date_gmt":"2025-06-26T10:02:05","guid":{"rendered":"https:\/\/www.kiwoko.pt\/blog\/?page_id=12103"},"modified":"2025-06-26T11:02:05","modified_gmt":"2025-06-26T10:02:05","slug":"conselhos-alimentacao-para-gatos","status":"publish","type":"page","link":"https:\/\/www.kiwoko.pt\/blog\/conselhos-alimentacao-para-gatos\/","title":{"rendered":"Conselhos de alimenta\u00e7\u00e3o para gatos"},"content":{"rendered":"<!-- wp:shortcode -->\n                    <div id=\"alimentacao\">\n            <div class=\"posts-list\">\n            <div class=\"row\">\n                        <div class=\"col-md-6 0\">\n                <div class=\"kontainer-category 0\">                    <a href=\"https:\/\/www.kiwoko.pt\/blog\/problemas-urinarios-em-gatos-como-detetalos\/\" class=\"post 0\">\n                        <div class=\"post-image lazyload 0\" style=\"background:inherit;background-size:cover;\" data-bg=\"#DDDDDD url(https:\/\/www.kiwoko.pt\/blog\/wp-content\/uploads\/2026\/03\/gatos-con-problemas-urinarios.jpg) no-repeat\"><\/div>\n                        <div class=\"post-text 0\">\n                            <h2>Problemas urin\u00e1rios em gatos: como detet\u00e1\u2011los e o que pode ser feito para ajudar<\/h2>\n                            Se convive com um gato, sabe que estes s\u00e3o peritos em disfar\u00e7ar quando algo n\u00e3o est\u00e1 bem. Por isso, quando come\u00e7am a alterar os seus h\u00e1bitos na caixa de...                        <\/div>\n                    <\/a>\n                <\/div>\n            <\/div>\n                        <div class=\"col-md-6 1\">\n                <div class=\"kontainer-category 1\">                    <a href=\"https:\/\/www.kiwoko.pt\/blog\/como-cuidar-de-um-gato-senior-castrado\/\" class=\"post 1\">\n                        <div class=\"post-image lazyload 1\" style=\"background:inherit;background-size:cover;\" data-bg=\"#DDDDDD url(https:\/\/www.kiwoko.pt\/blog\/wp-content\/uploads\/2025\/12\/Alimentacao-para-gatos-seniores-esterilizados.jpg) no-repeat\"><\/div>\n                        <div class=\"post-text 1\">\n                            <h2>Como cuidar de um gato s\u00e9nior castrado?<\/h2>\n                            Viver com um gato mais velho \u00e9 um privil\u00e9gio que traz muitos momentos de amor. Se o seu gato foi castrado, pode estar a pensar se a sua dieta...                        <\/div>\n                    <\/a>\n                <\/div>\n            <\/div>\n                        <div class=\"col-md-6 2\">\n                <div class=\"kontainer-category 2\">                    <a href=\"https:\/\/www.kiwoko.pt\/blog\/como-escolher-melhor-racao-light-para-gatos\/\" class=\"post 2\">\n                        <div class=\"post-image lazyload 2\" style=\"background:inherit;background-size:cover;\" data-bg=\"#DDDDDD url(https:\/\/www.kiwoko.pt\/blog\/wp-content\/uploads\/2025\/12\/melhor-racao-light-para-gatos.jpg) no-repeat\"><\/div>\n                        <div class=\"post-text 2\">\n                            <h2>Ra\u00e7\u00f5es light para gatos com excesso de peso: o que s\u00e3o e como escolher o melhor\u00a0<\/h2>\n                            O seu gato ganhou peso. Voc\u00ea percebe isso quando ele salta menos, move-se mais lentamente ou at\u00e9 dorme mais do que o normal. O seu veterin\u00e1rio pode ter-lhe dito...                        <\/div>\n                    <\/a>\n                <\/div>\n            <\/div>\n                        <div class=\"col-md-6 3\">\n                <div class=\"kontainer-category 3\">                    <a href=\"https:\/\/www.kiwoko.pt\/blog\/problemas-digestivos-em-gatos-causas-como-ajudar\/\" class=\"post 3\">\n                        <div class=\"post-image lazyload 3\" style=\"background:inherit;background-size:cover;\" data-bg=\"#DDDDDD url(https:\/\/www.kiwoko.pt\/blog\/wp-content\/uploads\/2025\/11\/gatos-com-problemas-gastrointestinais.jpg) no-repeat\"><\/div>\n                        <div class=\"post-text 3\">\n                            <h2>Gatos com dist\u00farbios gastrointestinais: sinais de alerta e como ajud\u00e1-los<\/h2>\n                            Quem vive com um gato sabe bem disso: os gatos n\u00e3o se queixam. N\u00e3o miam quando est\u00e3o com dores. N\u00e3o dizem quando algo est\u00e1 errado. Mas e se lhe...                        <\/div>\n                    <\/a>\n                <\/div>\n            <\/div>\n                        <div class=\"col-md-6 4\">\n                <div class=\"kontainer-category 4\">                    <a href=\"https:\/\/www.kiwoko.pt\/blog\/taurina-para-gatos-que-e-benefico\/\" class=\"post 4\">\n                        <div class=\"post-image lazyload 4\" style=\"background:inherit;background-size:cover;\" data-bg=\"#DDDDDD url(https:\/\/www.kiwoko.pt\/blog\/wp-content\/uploads\/2025\/05\/o-que-e-a-taurina-para-gatos.jpg) no-repeat\"><\/div>\n                        <div class=\"post-text 4\">\n                            <h2>A import\u00e2ncia da taurina para os gatos: tudo o que precisa de saber<\/h2>\n                            Se tem um gato, provavelmente preocupa-se com a sua alimenta\u00e7\u00e3o e bem-estar. Queremos que o seu gato seja saud\u00e1vel e feliz, e a alimenta\u00e7\u00e3o desempenha um papel importante nesse...                        <\/div>\n                    <\/a>\n                <\/div>\n            <\/div>\n                        <div class=\"col-md-6 5\">\n                <div class=\"kontainer-category 5\">                    <a href=\"https:\/\/www.kiwoko.pt\/blog\/guia-as-melhores-racoes-para-gatos\/\" class=\"post 5\">\n                        <div class=\"post-image lazyload 5\" style=\"background:inherit;background-size:cover;\" data-bg=\"#DDDDDD url(https:\/\/www.kiwoko.pt\/blog\/wp-content\/uploads\/2025\/04\/melhor-racao-para-gatos.jpg) no-repeat\"><\/div>\n                        <div class=\"post-text 5\">\n                            <h2>Guia definitivo para as melhores ra\u00e7\u00f5es para gatos<\/h2>\n                            Quando temos um gato em casa, uma das nossas principais preocupa\u00e7\u00f5es \u00e9 que ele receba uma alimenta\u00e7\u00e3o que mantenha a sua sa\u00fade, vitalidade e bem-estar geral. A escolha da...                        <\/div>\n                    <\/a>\n                <\/div>\n            <\/div>\n                        <div class=\"col-md-6 6\">\n                <div class=\"kontainer-category 6\">                    <a href=\"https:\/\/www.kiwoko.pt\/blog\/alimentos-proibidos-para-gatos-guia-completo\/\" class=\"post 6\">\n                        <div class=\"post-image lazyload 6\" style=\"background:inherit;background-size:cover;\" data-bg=\"#DDDDDD url(https:\/\/www.kiwoko.pt\/blog\/wp-content\/uploads\/2025\/01\/Alimentos-proibidos-para-gatos-jpg.webp) no-repeat\"><\/div>\n                        <div class=\"post-text 6\">\n                            <h2>Alimentos proibidos para gatos: um guia completo sobre o que os gatos n\u00e3o devem comer<\/h2>\n                            Os donos respons\u00e1veis de gatos sabem a import\u00e2ncia de uma dieta equilibrada e segura para os seus gatos. No entanto, a falta de conhecimento pode por vezes levar-nos a...                        <\/div>\n                    <\/a>\n                <\/div>\n            <\/div>\n                        <div class=\"col-md-6 7\">\n                <div class=\"kontainer-category 7\">                    <a href=\"https:\/\/www.kiwoko.pt\/blog\/true-origins-um-alimento-natural-completo-e-equilibrado-para-o-seu-animal-de-estimacao\/\" class=\"post 7\">\n                        <div class=\"post-image lazyload 7\" style=\"background:inherit;background-size:cover;\" data-bg=\"#DDDDDD url(https:\/\/www.kiwoko.pt\/blog\/wp-content\/uploads\/2023\/06\/True-Origins_-um-alimento-natural-completo-e-equilibrado.jpg) no-repeat\"><\/div>\n                        <div class=\"post-text 7\">\n                            <h2>True Origins: Uma alimenta\u00e7\u00e3o natural, completa e equilibrada para o seu c\u00e3o ou gato<\/h2>\n                            Como dono de um animal de estima\u00e7\u00e3o, uma das suas responsabilidades mais importantes \u00e9 fornecer ao seu c\u00e3o ou gato um alimento completo de alta qualidade que satisfa\u00e7a todas...                        <\/div>\n                    <\/a>\n                <\/div>\n            <\/div>\n            <\/div>\n        <\/div>\n                    <div class=\"row\">\n                <div class=\"col-lg-12\">\n                    <button id=\"alimentacao-load-more-articles\" class=\"btn load-more\" data-cat=\"\" data-tag=\"alimentacao\" data-animal=\"Gatos\"\n                data-numpost=\"8\">Carregar mais posts<\/button>\n                <\/div>\n            <\/div> \n            <script>\n                document.addEventListener('DOMContentLoaded', function () {\n                const buttons = document.querySelectorAll('.btn.load-more');\n\n                buttons.forEach(function (button) {\n                    button.addEventListener('click', function () {\n                    const title = button.getAttribute('data-title') || '';\n                    const link = button.getAttribute('data-link') || window.location.href;\n                    const position = button.getAttribute('data-position') || '';\n                    const category = button.getAttribute('data-cat') || '';\n                    const linkText = button.innerText || button.textContent;\n\n                    window.dataLayer = window.dataLayer || [];\n                    window.dataLayer.push({\n                        'event': 'blog_mas_articulos',\n                        'event_name': 'blog_mas_articulos',\n                        'position': position,\n                        'link_text': linkText,\n                        'link_url': link,\n                        'category': category,\n                        'product_name': title\n                    });\n                    });\n                });\n                });\n            <\/script>\n                <div id=\"alimentacao-loading-elements\" class=\"text-center mt-1 loading-elements\"><div class=\"lds-ellipsis\"><div><\/div><div><\/div><div><\/div><div><\/div><\/div><\/div>\n                    <\/div>\n<!-- \/wp:shortcode -->\n\n<!-- wp:paragraph -->\n<p><\/p>\n<!-- \/wp:paragraph -->","protected":false},"excerpt":{"rendered":"<p>Como dono de um animal de estima\u00e7\u00e3o, uma das suas responsabilidades mais importantes \u00e9 fornecer ao seu c\u00e3o ou gato um alimento completo de alta qualidade que satisfa\u00e7a todas as suas necessidades nutricionais. Hoje queremos falar-lhe de True Origins, uma marca de alimentos naturais ideal para os nossos animais de estima\u00e7\u00e3o. Continue a ler para [&hellip;]<\/p>\n","protected":false},"author":23,"featured_media":0,"parent":0,"menu_order":0,"comment_status":"closed","ping_status":"closed","template":"","meta":{"_acf_changed":false,"_uag_custom_page_level_css":"","footnotes":""},"class_list":["post-12103","page","type-page","status-publish","hentry"],"acf":[],"uagb_featured_image_src":{"full":false,"thumbnail":false,"medium":false,"medium_large":false,"large":false,"1536x1536":false,"2048x2048":false},"uagb_author_info":{"display_name":"Carla","author_link":"https:\/\/www.kiwoko.pt\/blog\/author\/carla\/"},"uagb_comment_info":0,"uagb_excerpt":"Como dono de um animal de estima\u00e7\u00e3o, uma das suas responsabilidades mais importantes \u00e9 fornecer ao seu c\u00e3o ou gato um alimento completo de alta qualidade que satisfa\u00e7a todas as suas necessidades nutricionais. Hoje queremos falar-lhe de True Origins, uma marca de alimentos naturais ideal para os nossos animais de estima\u00e7\u00e3o. Continue a ler para&hellip;","_links":{"self":[{"href":"https:\/\/www.kiwoko.pt\/blog\/wp-json\/wp\/v2\/pages\/12103","targetHints":{"allow":["GET"]}}],"collection":[{"href":"https:\/\/www.kiwoko.pt\/blog\/wp-json\/wp\/v2\/pages"}],"about":[{"href":"https:\/\/www.kiwoko.pt\/blog\/wp-json\/wp\/v2\/types\/page"}],"author":[{"embeddable":true,"href":"https:\/\/www.kiwoko.pt\/blog\/wp-json\/wp\/v2\/users\/23"}],"replies":[{"embeddable":true,"href":"https:\/\/www.kiwoko.pt\/blog\/wp-json\/wp\/v2\/comments?post=12103"}],"version-history":[{"count":2,"href":"https:\/\/www.kiwoko.pt\/blog\/wp-json\/wp\/v2\/pages\/12103\/revisions"}],"predecessor-version":[{"id":12105,"href":"https:\/\/www.kiwoko.pt\/blog\/wp-json\/wp\/v2\/pages\/12103\/revisions\/12105"}],"wp:attachment":[{"href":"https:\/\/www.kiwoko.pt\/blog\/wp-json\/wp\/v2\/media?parent=12103"}],"curies":[{"name":"wp","href":"https:\/\/api.w.org\/{rel}","templated":true}]}}