{"id":12099,"date":"2025-06-26T10:58:46","date_gmt":"2025-06-26T09:58:46","guid":{"rendered":"https:\/\/www.kiwoko.pt\/blog\/?page_id=12099"},"modified":"2025-06-26T10:58:47","modified_gmt":"2025-06-26T09:58:47","slug":"como-escolher-alimentacao-gatos","status":"publish","type":"page","link":"https:\/\/www.kiwoko.pt\/blog\/como-escolher-alimentacao-gatos\/","title":{"rendered":"Como escolher a comida para o seu gato"},"content":{"rendered":"<!-- wp:shortcode -->\n                    <div id=\"como-escolher-a-sua-alimentacao\">\n            <div class=\"posts-list\">\n            <div class=\"row\">\n                        <div class=\"col-md-6 0\">\n                <div class=\"kontainer-category 0\">                    <a href=\"https:\/\/www.kiwoko.pt\/blog\/como-cuidar-de-um-gato-senior-castrado\/\" class=\"post 0\">\n                        <div class=\"post-image lazyload 0\" style=\"background:inherit;background-size:cover;\" data-bg=\"#DDDDDD url(https:\/\/www.kiwoko.pt\/blog\/wp-content\/uploads\/2025\/12\/Alimentacao-para-gatos-seniores-esterilizados.jpg) no-repeat\"><\/div>\n                        <div class=\"post-text 0\">\n                            <h2>Como cuidar de um gato s\u00e9nior castrado?<\/h2>\n                            Viver com um gato mais velho \u00e9 um privil\u00e9gio que traz muitos momentos de amor. Se o seu gato foi castrado, pode estar a pensar se a sua dieta...                        <\/div>\n                    <\/a>\n                <\/div>\n            <\/div>\n                        <div class=\"col-md-6 1\">\n                <div class=\"kontainer-category 1\">                    <a href=\"https:\/\/www.kiwoko.pt\/blog\/como-escolher-melhor-racao-light-para-gatos\/\" class=\"post 1\">\n                        <div class=\"post-image lazyload 1\" style=\"background:inherit;background-size:cover;\" data-bg=\"#DDDDDD url(https:\/\/www.kiwoko.pt\/blog\/wp-content\/uploads\/2025\/12\/melhor-racao-light-para-gatos.jpg) no-repeat\"><\/div>\n                        <div class=\"post-text 1\">\n                            <h2>Ra\u00e7\u00f5es light para gatos com excesso de peso: o que s\u00e3o e como escolher o melhor\u00a0<\/h2>\n                            O seu gato ganhou peso. Voc\u00ea percebe isso quando ele salta menos, move-se mais lentamente ou at\u00e9 dorme mais do que o normal. O seu veterin\u00e1rio pode ter-lhe dito...                        <\/div>\n                    <\/a>\n                <\/div>\n            <\/div>\n                        <div class=\"col-md-6 2\">\n                <div class=\"kontainer-category 2\">                    <a href=\"https:\/\/www.kiwoko.pt\/blog\/melhores-snacks-liquidos-para-gatos\/\" class=\"post 2\">\n                        <div class=\"post-image lazyload 2\" style=\"background:inherit;background-size:cover;\" data-bg=\"#DDDDDD url(https:\/\/www.kiwoko.pt\/blog\/wp-content\/uploads\/2025\/11\/melhores-snacks-liquidos-para-gatos.jpg) no-repeat\"><\/div>\n                        <div class=\"post-text 2\">\n                            <h2>Lickable treats para os gatos lamberem: uma revolu\u00e7\u00e3o no campo dos melhores snacks l\u00edquidos para gatos<\/h2>\n                            Na Kiwoko, compreendemos a import\u00e2ncia de mimar o seu gato com produtos que ele adora, contribuindo ao mesmo tempo para a sua sa\u00fade e felicidade. \u00c9 por isso que...                        <\/div>\n                    <\/a>\n                <\/div>\n            <\/div>\n                        <div class=\"col-md-6 3\">\n                <div class=\"kontainer-category 3\">                    <a href=\"https:\/\/www.kiwoko.pt\/blog\/a-melhor-alimentacao-humida-para-gatinhos-guia-completo\/\" class=\"post 3\">\n                        <div class=\"post-image lazyload 3\" style=\"background:inherit;background-size:cover;\" data-bg=\"#DDDDDD url(https:\/\/www.kiwoko.pt\/blog\/wp-content\/uploads\/2025\/05\/melhor-comida-humida-para-gatinhos.jpg) no-repeat\"><\/div>\n                        <div class=\"post-text 3\">\n                            <h2>A melhor alimenta\u00e7\u00e3o h\u00famida para gatinhos: o segredo para um crescimento saud\u00e1vel<\/h2>\n                            Quando temos um gatinho em casa, uma das decis\u00f5es mais importantes \u00e9 a escolha da comida. A alimenta\u00e7\u00e3o h\u00famida para gatinhos \u00e9 uma das op\u00e7\u00f5es mais populares, pois n\u00e3o...                        <\/div>\n                    <\/a>\n                <\/div>\n            <\/div>\n                        <div class=\"col-md-6 4\">\n                <div class=\"kontainer-category 4\">                    <a href=\"https:\/\/www.kiwoko.pt\/blog\/guia-as-melhores-racoes-para-gatos\/\" class=\"post 4\">\n                        <div class=\"post-image lazyload 4\" style=\"background:inherit;background-size:cover;\" data-bg=\"#DDDDDD url(https:\/\/www.kiwoko.pt\/blog\/wp-content\/uploads\/2025\/04\/melhor-racao-para-gatos.jpg) no-repeat\"><\/div>\n                        <div class=\"post-text 4\">\n                            <h2>Guia definitivo para as melhores ra\u00e7\u00f5es para gatos<\/h2>\n                            Quando temos um gato em casa, uma das nossas principais preocupa\u00e7\u00f5es \u00e9 que ele receba uma alimenta\u00e7\u00e3o que mantenha a sua sa\u00fade, vitalidade e bem-estar geral. A escolha da...                        <\/div>\n                    <\/a>\n                <\/div>\n            <\/div>\n                        <div class=\"col-md-6 5\">\n                <div class=\"kontainer-category 5\">                    <a href=\"https:\/\/www.kiwoko.pt\/blog\/alimentos-proibidos-para-gatos-guia-completo\/\" class=\"post 5\">\n                        <div class=\"post-image lazyload 5\" style=\"background:inherit;background-size:cover;\" data-bg=\"#DDDDDD url(https:\/\/www.kiwoko.pt\/blog\/wp-content\/uploads\/2025\/01\/Alimentos-proibidos-para-gatos-jpg.webp) no-repeat\"><\/div>\n                        <div class=\"post-text 5\">\n                            <h2>Alimentos proibidos para gatos: um guia completo sobre o que os gatos n\u00e3o devem comer<\/h2>\n                            Os donos respons\u00e1veis de gatos sabem a import\u00e2ncia de uma dieta equilibrada e segura para os seus gatos. No entanto, a falta de conhecimento pode por vezes levar-nos a...                        <\/div>\n                    <\/a>\n                <\/div>\n            <\/div>\n                        <div class=\"col-md-6 6\">\n                <div class=\"kontainer-category 6\">                    <a href=\"https:\/\/www.kiwoko.pt\/blog\/true-origins-um-alimento-natural-completo-e-equilibrado-para-o-seu-animal-de-estimacao\/\" class=\"post 6\">\n                        <div class=\"post-image lazyload 6\" style=\"background:inherit;background-size:cover;\" data-bg=\"#DDDDDD url(https:\/\/www.kiwoko.pt\/blog\/wp-content\/uploads\/2023\/06\/True-Origins_-um-alimento-natural-completo-e-equilibrado.jpg) no-repeat\"><\/div>\n                        <div class=\"post-text 6\">\n                            <h2>True Origins: Uma alimenta\u00e7\u00e3o natural, completa e equilibrada para o seu c\u00e3o ou gato<\/h2>\n                            Como dono de um animal de estima\u00e7\u00e3o, uma das suas responsabilidades mais importantes \u00e9 fornecer ao seu c\u00e3o ou gato um alimento completo de alta qualidade que satisfa\u00e7a todas...                        <\/div>\n                    <\/a>\n                <\/div>\n            <\/div>\n                        <div class=\"col-md-6 7\">\n                <div class=\"kontainer-category 7\">                    <a href=\"https:\/\/www.kiwoko.pt\/blog\/guia-melhor-racao-natural-para-gatos\/\" class=\"post 7\">\n                        <div class=\"post-image lazyload 7\" style=\"background:inherit;background-size:cover;\" data-bg=\"#DDDDDD url(https:\/\/www.kiwoko.pt\/blog\/wp-content\/uploads\/2024\/12\/melhor-alimento-natural-para-gatos-jpg.webp) no-repeat\"><\/div>\n                        <div class=\"post-text 7\">\n                            <h2>O guia definitivo para a melhor ra\u00e7\u00e3o natural para gatos<\/h2>\n                            Sabemos que os donos de gatos d\u00e3o prioridade \u00e0 escolha da melhor comida para gatos. A nutri\u00e7\u00e3o \u00e9 crucial para manter os nossos gatos saud\u00e1veis e felizes. Neste guia,...                        <\/div>\n                    <\/a>\n                <\/div>\n            <\/div>\n            <\/div>\n        <\/div>\n                    <div class=\"row\">\n                <div class=\"col-lg-12\">\n                    <button id=\"como-escolher-a-sua-alimentacao-load-more-articles\" class=\"btn load-more\" data-cat=\"\" data-tag=\"como-escolher-a-sua-alimentacao\" data-animal=\"Gatos\"\n                data-numpost=\"8\">Carregar mais posts<\/button>\n                <\/div>\n            <\/div> \n            <script>\n                document.addEventListener('DOMContentLoaded', function () {\n                const buttons = document.querySelectorAll('.btn.load-more');\n\n                buttons.forEach(function (button) {\n                    button.addEventListener('click', function () {\n                    const title = button.getAttribute('data-title') || '';\n                    const link = button.getAttribute('data-link') || window.location.href;\n                    const position = button.getAttribute('data-position') || '';\n                    const category = button.getAttribute('data-cat') || '';\n                    const linkText = button.innerText || button.textContent;\n\n                    window.dataLayer = window.dataLayer || [];\n                    window.dataLayer.push({\n                        'event': 'blog_mas_articulos',\n                        'event_name': 'blog_mas_articulos',\n                        'position': position,\n                        'link_text': linkText,\n                        'link_url': link,\n                        'category': category,\n                        'product_name': title\n                    });\n                    });\n                });\n                });\n            <\/script>\n                <div id=\"como-escolher-a-sua-alimentacao-loading-elements\" class=\"text-center mt-1 loading-elements\"><div class=\"lds-ellipsis\"><div><\/div><div><\/div><div><\/div><div><\/div><\/div><\/div>\n                    <\/div>\n<!-- \/wp:shortcode -->","protected":false},"excerpt":{"rendered":"<p>Sabemos que os donos de gatos d\u00e3o prioridade \u00e0 escolha da melhor comida para gatos. A nutri\u00e7\u00e3o \u00e9 crucial para manter os nossos gatos saud\u00e1veis e felizes. Neste guia, fornecemos-lhe informa\u00e7\u00f5es pormenorizadas sobre a melhor ra\u00e7\u00e3o natural para gatos, para que possa escolher a comida que melhor satisfaz as necessidades espec\u00edficas do seu gato e [&hellip;]<\/p>\n","protected":false},"author":23,"featured_media":0,"parent":0,"menu_order":0,"comment_status":"closed","ping_status":"closed","template":"","meta":{"_acf_changed":false,"_uag_custom_page_level_css":"","footnotes":""},"class_list":["post-12099","page","type-page","status-publish","hentry"],"acf":[],"uagb_featured_image_src":{"full":false,"thumbnail":false,"medium":false,"medium_large":false,"large":false,"1536x1536":false,"2048x2048":false},"uagb_author_info":{"display_name":"Carla","author_link":"https:\/\/www.kiwoko.pt\/blog\/author\/carla\/"},"uagb_comment_info":0,"uagb_excerpt":"Sabemos que os donos de gatos d\u00e3o prioridade \u00e0 escolha da melhor comida para gatos. A nutri\u00e7\u00e3o \u00e9 crucial para manter os nossos gatos saud\u00e1veis e felizes. Neste guia, fornecemos-lhe informa\u00e7\u00f5es pormenorizadas sobre a melhor ra\u00e7\u00e3o natural para gatos, para que possa escolher a comida que melhor satisfaz as necessidades espec\u00edficas do seu gato e&hellip;","_links":{"self":[{"href":"https:\/\/www.kiwoko.pt\/blog\/wp-json\/wp\/v2\/pages\/12099","targetHints":{"allow":["GET"]}}],"collection":[{"href":"https:\/\/www.kiwoko.pt\/blog\/wp-json\/wp\/v2\/pages"}],"about":[{"href":"https:\/\/www.kiwoko.pt\/blog\/wp-json\/wp\/v2\/types\/page"}],"author":[{"embeddable":true,"href":"https:\/\/www.kiwoko.pt\/blog\/wp-json\/wp\/v2\/users\/23"}],"replies":[{"embeddable":true,"href":"https:\/\/www.kiwoko.pt\/blog\/wp-json\/wp\/v2\/comments?post=12099"}],"version-history":[{"count":1,"href":"https:\/\/www.kiwoko.pt\/blog\/wp-json\/wp\/v2\/pages\/12099\/revisions"}],"predecessor-version":[{"id":12101,"href":"https:\/\/www.kiwoko.pt\/blog\/wp-json\/wp\/v2\/pages\/12099\/revisions\/12101"}],"wp:attachment":[{"href":"https:\/\/www.kiwoko.pt\/blog\/wp-json\/wp\/v2\/media?parent=12099"}],"curies":[{"name":"wp","href":"https:\/\/api.w.org\/{rel}","templated":true}]}}