{"id":10329,"date":"2024-01-19T09:29:23","date_gmt":"2024-01-19T09:29:23","guid":{"rendered":"https:\/\/www.kiwoko.pt\/blog\/?page_id=10329"},"modified":"2025-06-19T12:50:53","modified_gmt":"2025-06-19T11:50:53","slug":"gatinhos","status":"publish","type":"page","link":"https:\/\/www.kiwoko.pt\/blog\/gatinhos\/","title":{"rendered":"Conselhos para gatinhos rec\u00e9m chegados"},"content":{"rendered":"<!-- wp:shortcode -->\n                    <div id=\"gatinhos\">\n            <div class=\"posts-list\">\n            <div class=\"row\">\n                        <div class=\"col-md-6 0\">\n                <div class=\"kontainer-category 0\">                    <a href=\"https:\/\/www.kiwoko.pt\/blog\/os-primeiros-dias-de-um-gatinho-em-casa\/\" class=\"post 0\">\n                        <div class=\"post-image lazyload 0\" style=\"background:inherit;background-size:cover;\" data-bg=\"#DDDDDD url(https:\/\/www.kiwoko.pt\/blog\/wp-content\/uploads\/2026\/02\/um-gatinho-em-casa.jpg) no-repeat\"><\/div>\n                        <div class=\"post-text 0\">\n                            <h2>Os primeiros dias de um gatinho em casa: um guia completo para uma adapta\u00e7\u00e3o com sucesso<\/h2>\n                            Est\u00e1 a preparar-se para receber um gatinho na sua vida? Que empolgante! Poucas coisas s\u00e3o t\u00e3o especiais quanto os primeiros dias com um gatinho em casa. \u00c9 um momento...                        <\/div>\n                    <\/a>\n                <\/div>\n            <\/div>\n                        <div class=\"col-md-6 1\">\n                <div class=\"kontainer-category 1\">                    <a href=\"https:\/\/www.kiwoko.pt\/blog\/a-melhor-alimentacao-humida-para-gatinhos-guia-completo\/\" class=\"post 1\">\n                        <div class=\"post-image lazyload 1\" style=\"background:inherit;background-size:cover;\" data-bg=\"#DDDDDD url(https:\/\/www.kiwoko.pt\/blog\/wp-content\/uploads\/2025\/05\/melhor-comida-humida-para-gatinhos.jpg) no-repeat\"><\/div>\n                        <div class=\"post-text 1\">\n                            <h2>A melhor alimenta\u00e7\u00e3o h\u00famida para gatinhos: o segredo para um crescimento saud\u00e1vel<\/h2>\n                            Quando temos um gatinho em casa, uma das decis\u00f5es mais importantes \u00e9 a escolha da comida. A alimenta\u00e7\u00e3o h\u00famida para gatinhos \u00e9 uma das op\u00e7\u00f5es mais populares, pois n\u00e3o...                        <\/div>\n                    <\/a>\n                <\/div>\n            <\/div>\n                        <div class=\"col-md-6 2\">\n                <div class=\"kontainer-category 2\">                    <a href=\"https:\/\/www.kiwoko.pt\/blog\/recomendacoes-para-manteres-o-teu-gatinho-limpo\/\" class=\"post 2\">\n                        <div class=\"post-image lazyload 2\" style=\"background:inherit;background-size:cover;\" data-bg=\"#DDDDDD url(https:\/\/www.kiwoko.pt\/blog\/wp-content\/uploads\/2022\/08\/como-limpar-um-gato-bebe-jpg.webp) no-repeat\"><\/div>\n                        <div class=\"post-text 2\">\n                            <h2>Saiba como limpar um gato beb\u00e9 e assegurar a sua higiene di\u00e1ria<\/h2>\n                            Se acabou de adotar um gatinho, deve estar a pensar em como cuidar dele. Uma das tarefas mais importantes nos primeiros meses de vida \u00e9 o asseio. \u00c9 importante...                        <\/div>\n                    <\/a>\n                <\/div>\n            <\/div>\n                        <div class=\"col-md-6 3\">\n                <div class=\"kontainer-category 3\">                    <a href=\"https:\/\/www.kiwoko.pt\/blog\/que-quantidade-de-comida-diaria-devo-dar-ao-meu-gato\/\" class=\"post 3\">\n                        <div class=\"post-image lazyload 3\" style=\"background:inherit;background-size:cover;\" data-bg=\"#DDDDDD url(https:\/\/www.kiwoko.pt\/blog\/wp-content\/uploads\/2020\/03\/quantidade-diaria-de-comida-para-gatos.jpg) no-repeat\"><\/div>\n                        <div class=\"post-text 3\">\n                            <h2>Que quantidade de comida devo dar ao meu gato todos os dias?<\/h2>\n                            Sabe quanto \u00e9 que um gato come? Descubra tudo o que precisa de saber sobre a nutri\u00e7\u00e3o felina e certifique-se de que est\u00e1 a dar ao seu melhor amigo...                        <\/div>\n                    <\/a>\n                <\/div>\n            <\/div>\n                        <div class=\"col-md-6 4\">\n                <div class=\"kontainer-category 4\">                    <a href=\"https:\/\/www.kiwoko.pt\/blog\/guia-de-alimentacao-para-gatinhos\/\" class=\"post 4\">\n                        <div class=\"post-image lazyload 4\" style=\"background:inherit;background-size:cover;\" data-bg=\"#DDDDDD url(https:\/\/www.kiwoko.pt\/blog\/wp-content\/uploads\/2020\/06\/guia-de-alimenta\u00e7ap-para-gatinhos.jpg) no-repeat\"><\/div>\n                        <div class=\"post-text 4\">\n                            <h2>As melhores ra\u00e7\u00f5es para gatinhos: guia de alimenta\u00e7\u00e3o<\/h2>\n                            Nesta publica\u00e7\u00e3o damos-lhe conselhos para que o seu gatinho cres\u00e7a saud\u00e1vel, seguindo este guia de alimenta\u00e7\u00e3o.                        <\/div>\n                    <\/a>\n                <\/div>\n            <\/div>\n                        <div class=\"col-md-6 5\">\n                <div class=\"kontainer-category 5\">                    <a href=\"https:\/\/www.kiwoko.pt\/blog\/aprenda-a-desparasitar-um-gato-bebe\/\" class=\"post 5\">\n                        <div class=\"post-image lazyload 5\" style=\"background:inherit;background-size:cover;\" data-bg=\"#DDDDDD url(https:\/\/www.kiwoko.pt\/blog\/wp-content\/uploads\/2023\/03\/Aprenda-a-desparasitar-um-gato-bebe-2.jpg) no-repeat\"><\/div>\n                        <div class=\"post-text 5\">\n                            <h2>Aprenda a desparasitar um gato beb\u00e9<\/h2>\n                            A sa\u00fade do nosso gatinho requer aten\u00e7\u00e3o desde muito cedo, pelo que devemos incorporar a sua observa\u00e7\u00e3o nos cuidados de rotina e limpeza do animal de estima\u00e7\u00e3o. Uma das...                        <\/div>\n                    <\/a>\n                <\/div>\n            <\/div>\n                        <div class=\"col-md-6 6\">\n                <div class=\"kontainer-category 6\">                    <a href=\"https:\/\/www.kiwoko.pt\/blog\/os-melhores-brinquedos-para-gatos-bebes\/\" class=\"post 6\">\n                        <div class=\"post-image lazyload 6\" style=\"background:inherit;background-size:cover;\" data-bg=\"#DDDDDD url(https:\/\/www.kiwoko.pt\/blog\/wp-content\/uploads\/2023\/02\/Os-melhores-brinquedos-para-gatos-bebes.jpg) no-repeat\"><\/div>\n                        <div class=\"post-text 6\">\n                            <h2>Os melhores brinquedos para gatos beb\u00e9s<\/h2>\n                            Os gatos s\u00e3o conhecidos pela sua curiosidade, um instinto que os leva a explorar todo o tipo de lugares e a interagir com objetos que atraem a sua aten\u00e7\u00e3o.&nbsp;...                        <\/div>\n                    <\/a>\n                <\/div>\n            <\/div>\n                        <div class=\"col-md-6 7\">\n                <div class=\"kontainer-category 7\">                    <a href=\"https:\/\/www.kiwoko.pt\/blog\/desmame-de-gatinhos\/\" class=\"post 7\">\n                        <div class=\"post-image lazyload 7\" style=\"background:inherit;background-size:cover;\" data-bg=\"#DDDDDD url(https:\/\/www.kiwoko.pt\/blog\/wp-content\/uploads\/2022\/04\/Desmame-de-gatinhos.jpg) no-repeat\"><\/div>\n                        <div class=\"post-text 7\">\n                            <h2>Desmame de gatinhos<\/h2>\n                            O desmame dos gatinhos na altura certa e da forma certa refor\u00e7ar\u00e1 a sa\u00fade do animal e o seu crescimento at\u00e9 \u00e0 idade adulta.                        <\/div>\n                    <\/a>\n                <\/div>\n            <\/div>\n                        <div class=\"col-md-6 8\">\n                <div class=\"kontainer-category 8\">                    <a href=\"https:\/\/www.kiwoko.pt\/blog\/como-cuidar-de-um-gato-bebe\/\" class=\"post 8\">\n                        <div class=\"post-image lazyload 8\" style=\"background:inherit;background-size:cover;\" data-bg=\"#DDDDDD url(https:\/\/www.kiwoko.pt\/blog\/wp-content\/uploads\/2021\/07\/como-cuidar-de-um-gato-bebe.jpg) no-repeat\"><\/div>\n                        <div class=\"post-text 8\">\n                            <h2>Como cuidar de um gato beb\u00e9<\/h2>\n                            Os gatinhos s\u00e3o extremamente doces. Adotar um gato beb\u00e9 ou cuidar de um pode ser uma experi\u00eancia muito gratificante e maravilhosa. Sem d\u00favida, apesar desta esp\u00e9cie ser conhecida por...                        <\/div>\n                    <\/a>\n                <\/div>\n            <\/div>\n            <\/div>\n        <\/div>\n                <div id=\"gatinhos-loading-elements\" class=\"text-center mt-1 loading-elements\"><div class=\"lds-ellipsis\"><div><\/div><div><\/div><div><\/div><div><\/div><\/div><\/div>\n                    <\/div>\n<!-- \/wp:shortcode -->\n\n<!-- wp:paragraph -->\n<p><\/p>\n<!-- \/wp:paragraph -->","protected":false},"excerpt":{"rendered":"<p>Os gatinhos s\u00e3o extremamente doces. Adotar um gato beb\u00e9 ou cuidar de um pode ser uma experi\u00eancia muito gratificante e maravilhosa. Sem d\u00favida, apesar desta esp\u00e9cie ser conhecida por ser muito independente, \u00e9 certo que \u00e9 desde pequenos que necessitam de uma s\u00e9rie de cuidados e aten\u00e7\u00f5es especiais para um desenvolvimento correto.&nbsp; Por isso, deixamos-lhe [&hellip;]<\/p>\n","protected":false},"author":23,"featured_media":10330,"parent":0,"menu_order":0,"comment_status":"closed","ping_status":"closed","template":"","meta":{"_acf_changed":false,"_uag_custom_page_level_css":"","footnotes":""},"class_list":["post-10329","page","type-page","status-publish","has-post-thumbnail","hentry"],"acf":[],"uagb_featured_image_src":{"full":["https:\/\/www.kiwoko.pt\/blog\/wp-content\/uploads\/2024\/01\/gatinhos.jpg",1180,500,false],"thumbnail":["https:\/\/www.kiwoko.pt\/blog\/wp-content\/uploads\/2024\/01\/gatinhos.jpg",150,64,false],"medium":["https:\/\/www.kiwoko.pt\/blog\/wp-content\/uploads\/2024\/01\/gatinhos.jpg",300,127,false],"medium_large":["https:\/\/www.kiwoko.pt\/blog\/wp-content\/uploads\/2024\/01\/gatinhos.jpg",768,325,false],"large":["https:\/\/www.kiwoko.pt\/blog\/wp-content\/uploads\/2024\/01\/gatinhos.jpg",1024,434,false],"1536x1536":["https:\/\/www.kiwoko.pt\/blog\/wp-content\/uploads\/2024\/01\/gatinhos.jpg",1180,500,false],"2048x2048":["https:\/\/www.kiwoko.pt\/blog\/wp-content\/uploads\/2024\/01\/gatinhos.jpg",1180,500,false]},"uagb_author_info":{"display_name":"Carla","author_link":"https:\/\/www.kiwoko.pt\/blog\/author\/carla\/"},"uagb_comment_info":0,"uagb_excerpt":"Os gatinhos s\u00e3o extremamente doces. Adotar um gato beb\u00e9 ou cuidar de um pode ser uma experi\u00eancia muito gratificante e maravilhosa. Sem d\u00favida, apesar desta esp\u00e9cie ser conhecida por ser muito independente, \u00e9 certo que \u00e9 desde pequenos que necessitam de uma s\u00e9rie de cuidados e aten\u00e7\u00f5es especiais para um desenvolvimento correto.&nbsp; Por isso, deixamos-lhe&hellip;","_links":{"self":[{"href":"https:\/\/www.kiwoko.pt\/blog\/wp-json\/wp\/v2\/pages\/10329","targetHints":{"allow":["GET"]}}],"collection":[{"href":"https:\/\/www.kiwoko.pt\/blog\/wp-json\/wp\/v2\/pages"}],"about":[{"href":"https:\/\/www.kiwoko.pt\/blog\/wp-json\/wp\/v2\/types\/page"}],"author":[{"embeddable":true,"href":"https:\/\/www.kiwoko.pt\/blog\/wp-json\/wp\/v2\/users\/23"}],"replies":[{"embeddable":true,"href":"https:\/\/www.kiwoko.pt\/blog\/wp-json\/wp\/v2\/comments?post=10329"}],"version-history":[{"count":5,"href":"https:\/\/www.kiwoko.pt\/blog\/wp-json\/wp\/v2\/pages\/10329\/revisions"}],"predecessor-version":[{"id":12124,"href":"https:\/\/www.kiwoko.pt\/blog\/wp-json\/wp\/v2\/pages\/10329\/revisions\/12124"}],"wp:featuredmedia":[{"embeddable":true,"href":"https:\/\/www.kiwoko.pt\/blog\/wp-json\/wp\/v2\/media\/10330"}],"wp:attachment":[{"href":"https:\/\/www.kiwoko.pt\/blog\/wp-json\/wp\/v2\/media?parent=10329"}],"curies":[{"name":"wp","href":"https:\/\/api.w.org\/{rel}","templated":true}]}}